{"id":3604,"date":"2020-02-04T06:04:06","date_gmt":"2020-02-04T06:04:06","guid":{"rendered":""},"modified":"2020-05-20T14:23:17","modified_gmt":"2020-05-20T14:23:17","slug":"consejos-viajar-rusia","status":"publish","type":"page","link":"https:\/\/putintours.com\/es\/consejos-viajar-rusia\/","title":{"rendered":"Consejos para viajar a Rusia"},"content":{"rendered":"\n[et_pb_section fb_built=\u00bb1&#8243; fullwidth=\u00bbon\u00bb admin_label=\u00bbHero Section\u00bb _builder_version=\u00bb4.2.2&#8243; background_image=\u00bbhttps:\/\/putintours.com\/wp-content\/uploads\/2020\/01\/City-tour-Moscow-Put-in-tours.jpg\u00bb][et_pb_fullwidth_header title=\u00bbBlog\u00bb subhead=\u00bbCONSEJOS PARA VIAJAR A RUSIA\u00bb background_overlay_color=\u00bbrgba(0,30,57,0.6)\u00bb content_max_width=\u00bb550px\u00bb _builder_version=\u00bb4.3.2&#8243; title_font=\u00bb|700||on|||||\u00bb title_text_color=\u00bb#edbb5f\u00bb title_font_size=\u00bb14px\u00bb title_letter_spacing=\u00bb2px\u00bb title_line_height=\u00bb1.4em\u00bb content_font=\u00bbPoppins||||||||\u00bb content_font_size=\u00bb16px\u00bb content_letter_spacing=\u00bb1px\u00bb content_line_height=\u00bb2em\u00bb subhead_font=\u00bb|||on|||||\u00bb subhead_font_size=\u00bb48px\u00bb subhead_letter_spacing=\u00bb3px\u00bb subhead_line_height=\u00bb1.4em\u00bb background_enable_color=\u00bboff\u00bb background_enable_image=\u00bboff\u00bb parallax=\u00bbon\u00bb parallax_method=\u00bbon\u00bb custom_button_one=\u00bbon\u00bb button_one_border_width=\u00bb1px\u00bb button_one_border_color=\u00bbrgba(255,255,255,0.3)\u00bb button_one_border_radius=\u00bb0px\u00bb button_one_letter_spacing=\u00bb1px\u00bb button_one_font=\u00bbSaira Extra Condensed|600||on|||||\u00bb button_one_icon=\u00bb%%3%%\u00bb button_one_icon_color=\u00bb#edbb5f\u00bb custom_button_two=\u00bbon\u00bb button_two_border_width=\u00bb1px\u00bb button_two_border_color=\u00bbrgba(255,255,255,0.3)\u00bb button_two_border_radius=\u00bb0px\u00bb button_two_letter_spacing=\u00bb1px\u00bb button_two_font=\u00bbSaira Extra Condensed|600||on|||||\u00bb button_two_icon=\u00bb%%3%%\u00bb button_two_icon_color=\u00bb#edbb5f\u00bb module_alignment=\u00bbright\u00bb custom_margin=\u00bb|||\u00bb custom_padding=\u00bb8%||250px|\u00bb hover_enabled=\u00bb0&#8243; button_one_text_color_hover=\u00bb#edbb5f\u00bb button_two_text_color_hover=\u00bb#edbb5f\u00bb button_one_bg_color_hover=\u00bbrgba(0,0,0,0)\u00bb button_two_bg_color_hover=\u00bbrgba(0,0,0,0)\u00bb button_one_text_size__hover_enabled=\u00bboff\u00bb button_two_text_size__hover_enabled=\u00bboff\u00bb button_one_text_color__hover_enabled=\u00bbon\u00bb button_one_text_color__hover=\u00bb#edbb5f\u00bb button_two_text_color__hover_enabled=\u00bbon\u00bb button_two_text_color__hover=\u00bb#edbb5f\u00bb button_one_border_width__hover_enabled=\u00bboff\u00bb button_two_border_width__hover_enabled=\u00bboff\u00bb button_one_border_color__hover_enabled=\u00bboff\u00bb button_two_border_color__hover_enabled=\u00bboff\u00bb button_one_border_radius__hover_enabled=\u00bboff\u00bb button_two_border_radius__hover_enabled=\u00bboff\u00bb button_one_letter_spacing__hover_enabled=\u00bboff\u00bb button_two_letter_spacing__hover_enabled=\u00bboff\u00bb button_one_bg_color__hover_enabled=\u00bbon\u00bb button_one_bg_color__hover=\u00bbrgba(0,0,0,0)\u00bb button_two_bg_color__hover_enabled=\u00bbon\u00bb button_two_bg_color__hover=\u00bbrgba(0,0,0,0)\u00bb]<p>&nbsp;<\/p>\n<p>Consejos y trucos para un viaje exitoso a Rusia. Qu\u00e9 ver, d\u00f3nde ir, d\u00f3nde comer, qu\u00e9 actividades hacer\u2026 \u00a1Encontr\u00e1is todos nuestros consejos en este blog<\/p>[\/et_pb_fullwidth_header][\/et_pb_section][et_pb_section fb_built=\u00bb1&#8243; admin_label=\u00bbBlog\u00bb _builder_version=\u00bb3.22.3&#8243; custom_padding=\u00bb100px|0px|100px|0px\u00bb][et_pb_row _builder_version=\u00bb3.26&#8243; max_width=\u00bb1440px\u00bb use_custom_width=\u00bbon\u00bb custom_width_px=\u00bb1440px\u00bb][et_pb_column type=\u00bb4_4&#8243; _builder_version=\u00bb3.25&#8243; custom_padding=\u00bb|||\u00bb custom_padding__hover=\u00bb|||\u00bb][et_pb_blog fullwidth=\u00bboff\u00bb posts_number=\u00bb6&#8243; include_categories=\u00bball\u00bb excerpt_length=\u00bb165&#8243; show_more=\u00bbon\u00bb show_author=\u00bboff\u00bb show_categories=\u00bboff\u00bb _builder_version=\u00bb4.1&#8243; header_font=\u00bbPlayfair Display|700|||||||\u00bb header_font_size=\u00bb22px\u00bb header_line_height=\u00bb1.4em\u00bb body_font=\u00bbPoppins||||||||\u00bb body_font_size=\u00bb16px\u00bb body_line_height=\u00bb2em\u00bb meta_font=\u00bbPoppins|600||on|||||\u00bb meta_text_color=\u00bb#edbb5f\u00bb meta_font_size=\u00bb12px\u00bb meta_letter_spacing=\u00bb1px\u00bb meta_line_height=\u00bb2em\u00bb pagination_font=\u00bbPoppins|600||on|||||\u00bb pagination_text_color=\u00bb#edbb5f\u00bb pagination_font_size=\u00bb16px\u00bb pagination_letter_spacing=\u00bb1px\u00bb pagination_line_height=\u00bb2em\u00bb text_orientation=\u00bbcenter\u00bb custom_margin=\u00bb-200px|||\u00bb custom_padding=\u00bb|||\u00bb custom_padding_phone=\u00bb|40px||40px\u00bb custom_padding_last_edited=\u00bboff|desktop\u00bb animation_style=\u00bbslide\u00bb animation_direction=\u00bbbottom\u00bb animation_intensity_slide=\u00bb3%\u00bb animation_starting_opacity=\u00bb100%\u00bb border_width_all=\u00bb0px\u00bb box_shadow_style=\u00bbpreset3&#8243; box_shadow_vertical=\u00bb15px\u00bb box_shadow_blur=\u00bb80px\u00bb box_shadow_color=\u00bbrgba(0,0,0,0.2)\u00bb][\/et_pb_blog][\/et_pb_column][\/et_pb_row][\/et_pb_section][et_pb_section fb_built=\u00bb1&#8243; _builder_version=\u00bb3.25.2&#8243; custom_padding=\u00bb1px||1px|||\u00bb global_module=\u00bb3788&#8243; saved_tabs=\u00bball\u00bb][et_pb_row column_structure=\u00bb1_3,1_3,1_3&#8243; use_custom_gutter=\u00bbon\u00bb gutter_width=\u00bb1&#8243; _builder_version=\u00bb3.25.2&#8243; custom_padding=\u00bb20px|0px|0px|0px\u00bb][et_pb_column type=\u00bb1_3&#8243; _builder_version=\u00bb3.25.2&#8243;][\/et_pb_column][et_pb_column type=\u00bb1_3&#8243; _builder_version=\u00bb3.25.2&#8243;][et_pb_text _builder_version=\u00bb4.2.2&#8243; text_font=\u00bbOpen Sans||||||||\u00bb text_font_size=\u00bb20px\u00bb text_orientation=\u00bbcenter\u00bb custom_margin=\u00bb30px||30px|\u00bb text_text_align=\u00bbcenter\u00bb]<p>\u00a1S\u00edguenos en las redes sociales!<\/p>[\/et_pb_text][et_pb_social_media_follow _builder_version=\u00bb3.25.2&#8243; text_orientation=\u00bbcenter\u00bb custom_margin=\u00bb|||\u00bb custom_margin_tablet=\u00bb\u00bb custom_margin_phone=\u00bb\u00bb custom_margin_last_edited=\u00bbon|desktop\u00bb custom_padding=\u00bb||20px|\u00bb custom_padding_tablet=\u00bb||0px|\u00bb custom_padding_phone=\u00bb||0px|\u00bb custom_padding_last_edited=\u00bbon|phone\u00bb border_radii=\u00bbon|50%|50%|50%|50%\u00bb][et_pb_social_media_follow_network social_network=\u00bbfacebook\u00bb url=\u00bbhttps:\/\/www.facebook.com\/put.in.tours\/\u00bb _builder_version=\u00bb3.0.93&#8243; background_color=\u00bb#3b5998&#8243; follow_button=\u00bboff\u00bb url_new_window=\u00bbon\u00bb]facebook[\/et_pb_social_media_follow_network][et_pb_social_media_follow_network social_network=\u00bbinstagram\u00bb url=\u00bbhttps:\/\/www.instagram.com\/put_in_tours\/\u00bb _builder_version=\u00bb3.0.93&#8243; background_color=\u00bb#517fa4&#8243; follow_button=\u00bboff\u00bb url_new_window=\u00bbon\u00bb]instagram[\/et_pb_social_media_follow_network][et_pb_social_media_follow_network social_network=\u00bbyoutube\u00bb url=\u00bbhttps:\/\/www.youtube.com\/channel\/UCDEY0lFykV7f5k5fl3iGQ9w\u00bb _builder_version=\u00bb3.0.93&#8243; background_color=\u00bb#a82400&#8243; follow_button=\u00bboff\u00bb url_new_window=\u00bbon\u00bb]youtube[\/et_pb_social_media_follow_network][\/et_pb_social_media_follow][\/et_pb_column][et_pb_column type=\u00bb1_3&#8243; _builder_version=\u00bb3.25.2&#8243;][et_pb_code _builder_version=\u00bb4.2.2&#8243; text_orientation=\u00bbcenter\u00bb module_alignment=\u00bbcenter\u00bb custom_margin=\u00bb|||30%\u00bb]<div id=\"TA_cdsratingsonlynarrow556\" class=\"TA_cdsratingsonlynarrow\"><!-- [et_pb_line_break_holder] --><ul id=\"UVizkKsBeKI7\" class=\"TA_links ROB9Xu\"><!-- [et_pb_line_break_holder] --><li id=\"VlL4fCS1T\" class=\"u73pzu\"><!-- [et_pb_line_break_holder] --><a target=\"_blank\" href=\"https:\/\/www.tripadvisor.es\/\" rel=\"noopener noreferrer\"><img src=\"https:\/\/www.tripadvisor.es\/img\/cdsi\/img2\/branding\/tripadvisor_logo_transp_340x80-18034-2.png\" alt=\"TripAdvisor\"\/><\/a><!-- [et_pb_line_break_holder] --><\/li><!-- [et_pb_line_break_holder] --><\/ul><!-- [et_pb_line_break_holder] --><\/div><!-- [et_pb_line_break_holder] --><script async src=\"https:\/\/www.jscache.com\/wejs?wtype=cdsratingsonlynarrow&#038;uniq=556&#038;locationId=13344650&#038;lang=es&#038;border=false&#038;display_version=2\" data-loadtrk onload=\"this.loadtrk=true\"><\/script><!-- [et_pb_line_break_holder] --><!-- [et_pb_line_break_holder] -->[\/et_pb_code][et_pb_text disabled_on=\u00bboff|off|on\u00bb _builder_version=\u00bb4.3.2&#8243; text_font=\u00bb||||||||\u00bb text_font_size=\u00bb18px\u00bb header_font=\u00bb||||||||\u00bb text_orientation=\u00bbcenter\u00bb text_text_align=\u00bbcenter\u00bb]<p style=\"text-align: center;\"><a style=\"color: #aaaaaa;\" href=\"https:\/\/putintours.com\/socios\/?lang=es\">Nuestros socios<\/a><\/p>\n<p style=\"font-size: 12px;\">\u00a9 Copyright 2020 &#8211; Put-in tours<br \/>\nDesigned by <a href=\"mailto:simon@agencesd.com\" target=\"_blank\" rel=\"noopener noreferrer\">SD Marketing &amp; Design<\/a><\/p>[\/et_pb_text][\/et_pb_column][\/et_pb_row][\/et_pb_section][et_pb_section fb_built=\u00bb1&#8243; disabled_on=\u00bbon|on|off\u00bb _builder_version=\u00bb4.2.1&#8243; background_color=\u00bb#edf2f5&#8243; custom_padding=\u00bb0px||20px|\u00bb global_module=\u00bb3787&#8243; saved_tabs=\u00bball\u00bb][et_pb_row column_structure=\u00bb1_2,1_4,1_4&#8243; use_custom_gutter=\u00bbon\u00bb gutter_width=\u00bb2&#8243; column_padding_mobile=\u00bbon\u00bb _builder_version=\u00bb3.25&#8243; background_size=\u00bbinitial\u00bb background_position=\u00bbtop_left\u00bb background_repeat=\u00bbrepeat\u00bb custom_padding=\u00bb50px||20px|\u00bb][et_pb_column type=\u00bb1_2&#8243; _builder_version=\u00bb3.25&#8243; custom_padding=\u00bb|||\u00bb custom_padding__hover=\u00bb|||\u00bb][et_pb_text _builder_version=\u00bb4.2.2&#8243; text_font=\u00bbSource Sans Pro||||||||\u00bb text_text_color=\u00bb#aaaaaa\u00bb text_font_size=\u00bb16&#8243; text_line_height=\u00bb1.5em\u00bb header_font=\u00bb||||||||\u00bb header_4_font=\u00bb||||||||\u00bb header_4_font_size=\u00bb30px\u00bb background_size=\u00bbinitial\u00bb background_position=\u00bbtop_left\u00bb background_repeat=\u00bbrepeat\u00bb max_width=\u00bb300px\u00bb custom_margin=\u00bb||30px|\u00bb custom_margin_tablet=\u00bb||10px|\u00bb custom_margin_phone=\u00bb\u00bb custom_margin_last_edited=\u00bbon|tablet\u00bb custom_padding=\u00bb0px|||\u00bb header_font_size_tablet=\u00bb\u00bb header_font_size_phone=\u00bb\u00bb header_font_size_last_edited=\u00bbon|desktop\u00bb use_border_color=\u00bboff\u00bb border_color=\u00bb#ffffff\u00bb border_style=\u00bbsolid\u00bb]<h4>Put-in tours<\/h4>\n<p>A Put-in tours, proponemos viajes en nuestra cl\u00e1sica furgoneta sovi\u00e9tica para explorar Mosc\u00fa, San Petersburgo y la cultura rusa fuera de los caminos trillados. Descubr\u00eds nuestra visita guiada de Mosc\u00fa, Mosc\u00fa de noche, \u00fananse a nuestra excursi\u00f3n banya y Sergiyev Posad, visita y cena en uno de los monasterios m\u00e1s antiguos de Mosc\u00fa antes de salir de fiesta en nuestro famoso pubcrawl! Excursiones originales y \u00fanicas: dispara AK47 y una bazooka despu\u00e9s de montar en un tanque durante nuestra excursi\u00f3n en tanque y con la bazooka!<\/p>[\/et_pb_text][et_pb_text _builder_version=\u00bb4.2.2&#8243; text_font=\u00bbOpen Sans||||||||\u00bb text_text_color=\u00bb#aaaaaa\u00bb text_font_size=\u00bb12&#8243; text_line_height=\u00bb1.5em\u00bb background_size=\u00bbinitial\u00bb background_position=\u00bbtop_left\u00bb background_repeat=\u00bbrepeat\u00bb max_width=\u00bb300px\u00bb custom_padding=\u00bb0px|||\u00bb use_border_color=\u00bboff\u00bb]<p>\u00a9 Copyright 2020 \u2013 Put-in tours<\/p>\n<p>Design web:\u00a0<a href=\"mailto:simon@agencesd.com\" target=\"_blank\" rel=\"noopener noreferrer\">SD Marketing &amp; Design<\/a><\/p>[\/et_pb_text][\/et_pb_column][et_pb_column type=\u00bb1_4&#8243; _builder_version=\u00bb3.25&#8243; custom_padding=\u00bb|||\u00bb custom_padding__hover=\u00bb|||\u00bb][et_pb_text _builder_version=\u00bb4.2.2&#8243; text_font=\u00bbOpen Sans|700|||||||\u00bb text_text_color=\u00bb#666666&#8243; text_font_size=\u00bb18&#8243; text_line_height=\u00bb1.4em\u00bb background_size=\u00bbinitial\u00bb background_position=\u00bbtop_left\u00bb background_repeat=\u00bbrepeat\u00bb custom_margin=\u00bb||8px|\u00bb use_border_color=\u00bboff\u00bb border_color=\u00bb#ffffff\u00bb border_style=\u00bbsolid\u00bb]<p>Mapa del sitio web<\/p>[\/et_pb_text][et_pb_text _builder_version=\u00bb4.3.2&#8243; text_font=\u00bbSource Sans Pro||||||||\u00bb text_text_color=\u00bb#ffffff\u00bb text_font_size=\u00bb18&#8243; text_line_height=\u00bb2.2em\u00bb background_size=\u00bbinitial\u00bb background_position=\u00bbtop_left\u00bb background_repeat=\u00bbrepeat\u00bb custom_padding=\u00bb0px|||\u00bb use_border_color=\u00bboff\u00bb]<p><span style=\"color: #aaaaaa;\"><a style=\"color: #aaaaaa;\" href=\"https:\/\/putintours.com\/?lang=es\">Home<\/a><\/span><br \/>\n<span style=\"color: #aaaaaa;\"><a style=\"color: #aaaaaa;\" href=\"https:\/\/putintours.com\/quienes-somos\/?lang=es\">Qui\u00e9nes somos<\/a><\/span><br \/>\n<span style=\"color: #aaaaaa;\"><a style=\"color: #aaaaaa;\" href=\"https:\/\/putintours.com\/videos\/?lang=es\">Videos<\/a><br \/>\n<a href=\"https:\/\/putintours.com\/tours-moscu\/?lang=es\"><span style=\"color: #aaaaaa;\">Mosc\u00fa<\/span><\/a><br \/>\n<a href=\"https:\/\/putintours.com\/tours-saint-petersburg\/?lang=es\"><span style=\"color: #aaaaaa;\">San Petersburgo<\/span><\/a><br \/>\n<a href=\"https:\/\/putintours.com\/contactenos\/?lang=es\"><span style=\"color: #aaaaaa;\">Contacto<\/span><\/a><br \/>\n<a href=\"https:\/\/putintours.com\/reservacion-en-linea\/?lang=es\"><span style=\"color: #aaaaaa;\">\u00a1Reservad ahora!<\/span><\/a><br \/>\n<a href=\"https:\/\/putintours.com\/consejos-viajar-rusia\/?lang=es\"><span style=\"color: #aaaaaa;\">Blog<\/span><\/a><\/p>[\/et_pb_text][\/et_pb_column][et_pb_column type=\u00bb1_4&#8243; _builder_version=\u00bb3.25&#8243; custom_padding=\u00bb|||\u00bb custom_padding__hover=\u00bb|||\u00bb][et_pb_image src=\u00bbhttps:\/\/putintours.com\/wp-content\/uploads\/2020\/02\/2019_COE_Logos_white-bkg_CMYK_translations_es-ES-AR-LX-2x.png\u00bb alt=\u00bbPut in tours trip advisor\u00bb title_text=\u00bbPut in tours trip advisor\u00bb align=\u00bbcenter\u00bb _builder_version=\u00bb4.2.2&#8243;][\/et_pb_image][et_pb_text _builder_version=\u00bb4.3.2&#8243; text_font=\u00bbSource Sans Pro||||||||\u00bb text_font_size=\u00bb18px\u00bb header_font=\u00bb||||||||\u00bb text_orientation=\u00bbcenter\u00bb text_text_align=\u00bbcenter\u00bb]<p><span style=\"color: #aaaaaa;\"><a style=\"color: #aaaaaa;\" href=\"https:\/\/putintours.com\/socios\/?lang=es\">Nuestros socios<\/a><\/span><\/p>[\/et_pb_text][\/et_pb_column][\/et_pb_row][\/et_pb_section]\n<div style=\"text-align:center\" class=\"yasr-auto-insert-visitor\"><!--Yasr Visitor Votes Shortcode--><div id='yasr_visitor_votes_3604' class='yasr-visitor-votes'><div class=\"yasr-custom-text-vv-before yasr-custom-text-vv-before-3604\">Rate this page<\/div><div id='yasr-vv-second-row-container-656db6f9e03db' \n                                        class='yasr-vv-second-row-container'><div id='yasr-visitor-votes-rater-656db6f9e03db'\n                                      class='yasr-rater-stars-vv'\n                                      data-rater-postid='3604' \n                                      data-rating='5'\n                                      data-rater-starsize='16'\n                                      data-rater-readonly='false'\n                                      data-rater-nonce='787bc50951' \n                                      data-issingular='false'\n                                    ><\/div><div class=\"yasr-vv-stats-text-container\" id=\"yasr-vv-stats-text-container-656db6f9e03db\"><span id=\"yasr-vv-text-container-656db6f9e03db\" class=\"yasr-vv-text-container\">[Total: <span id=\"yasr-vv-votes-number-container-656db6f9e03db\">1<\/span>  Average: <span id=\"yasr-vv-average-container-656db6f9e03db\">5<\/span>]<\/span><\/div><div id='yasr-vv-loader-656db6f9e03db' class='yasr-vv-container-loader'><\/div><\/div><div id='yasr-vv-bottom-container-656db6f9e03db' class='yasr-vv-bottom-container'><\/div><\/div><!--End Yasr Visitor Votes Shortcode--><\/div>","protected":false},"excerpt":{"rendered":"<p>&nbsp; Consejos y trucos para un viaje exitoso a Rusia. Qu\u00e9 ver, d\u00f3nde ir, d\u00f3nde comer, qu\u00e9 actividades hacer\u2026 \u00a1Encontr\u00e1is todos nuestros consejos en este blog\u00a1S\u00edguenos en las redes sociales!facebookinstagramyoutubeNuestros socios \u00a9 Copyright 2020 &#8211; Put-in tours Designed by SD Marketing &amp; DesignPut-in tours A Put-in tours, proponemos viajes en nuestra cl\u00e1sica furgoneta sovi\u00e9tica para [&hellip;]<\/p>\n","protected":false},"author":1,"featured_media":1764,"parent":0,"menu_order":0,"comment_status":"closed","ping_status":"closed","template":"","meta":{"_et_pb_use_builder":"on","_et_pb_old_content":"","_et_gb_content_width":"","yasr_overall_rating":0,"yasr_post_is_review":"","yasr_auto_insert_disabled":"","yasr_review_type":""},"yoast_head":"<!-- This site is optimized with the Yoast SEO plugin v18.0 - https:\/\/yoast.com\/wordpress\/plugins\/seo\/ -->\n<title>Consejos para viajar a Rusia - Mosc\u00fa y San Petersburgo - Put-in tours<\/title>\n<meta name=\"description\" content=\"Descubr\u00eds aqu\u00ed consejos y trucos para organizar su viaje a Mosc\u00fa. Qu\u00e9 visitar, c\u00f3mo organizar seminarios o despedidas de soltero, actividades divertidas.\" \/>\n<meta name=\"robots\" content=\"index, follow, max-snippet:-1, max-image-preview:large, max-video-preview:-1\" \/>\n<link rel=\"canonical\" href=\"https:\/\/putintours.com\/es\/consejos-viajar-rusia\/\" \/>\n<meta property=\"og:locale\" content=\"es_ES\" \/>\n<meta property=\"og:type\" content=\"article\" \/>\n<meta property=\"og:title\" content=\"Consejos para viajar a Rusia - Mosc\u00fa y San Petersburgo - Put-in tours\" \/>\n<meta property=\"og:description\" content=\"Descubr\u00eds aqu\u00ed consejos y trucos para organizar su viaje a Mosc\u00fa. Qu\u00e9 visitar, c\u00f3mo organizar seminarios o despedidas de soltero, actividades divertidas.\" \/>\n<meta property=\"og:url\" content=\"https:\/\/putintours.com\/es\/consejos-viajar-rusia\/\" \/>\n<meta property=\"og:site_name\" content=\"Put-in tours\" \/>\n<meta property=\"article:modified_time\" content=\"2020-05-20T14:23:17+00:00\" \/>\n<meta property=\"og:image\" content=\"https:\/\/putintours.com\/wp-content\/uploads\/2020\/01\/City-tour-Moscow-Put-in-tours.jpg\" \/>\n\t<meta property=\"og:image:width\" content=\"1200\" \/>\n\t<meta property=\"og:image:height\" content=\"800\" \/>\n\t<meta property=\"og:image:type\" content=\"image\/jpeg\" \/>\n<meta name=\"twitter:label1\" content=\"Tiempo de lectura\" \/>\n\t<meta name=\"twitter:data1\" content=\"7 minutos\" \/>\n<script type=\"application\/ld+json\" class=\"yoast-schema-graph\">{\"@context\":\"https:\/\/schema.org\",\"@graph\":[{\"@type\":\"Organization\",\"@id\":\"https:\/\/putintours.com\/#organization\",\"name\":\"Put-in Tours\",\"url\":\"https:\/\/putintours.com\/\",\"sameAs\":[],\"logo\":{\"@type\":\"ImageObject\",\"@id\":\"https:\/\/putintours.com\/#logo\",\"inLanguage\":\"es\",\"url\":\"\",\"contentUrl\":\"\",\"caption\":\"Put-in Tours\"},\"image\":{\"@id\":\"https:\/\/putintours.com\/#logo\"}},{\"@type\":\"WebSite\",\"@id\":\"https:\/\/putintours.com\/#website\",\"url\":\"https:\/\/putintours.com\/\",\"name\":\"Put-in tours\",\"description\":\"Discover Moscow and St-Petersburg onboard a Soviet van!\",\"publisher\":{\"@id\":\"https:\/\/putintours.com\/#organization\"},\"potentialAction\":[{\"@type\":\"SearchAction\",\"target\":{\"@type\":\"EntryPoint\",\"urlTemplate\":\"https:\/\/putintours.com\/?s={search_term_string}\"},\"query-input\":\"required name=search_term_string\"}],\"inLanguage\":\"es\"},{\"@type\":\"ImageObject\",\"@id\":\"https:\/\/putintours.com\/es\/consejos-viajar-rusia\/#primaryimage\",\"inLanguage\":\"es\",\"url\":\"https:\/\/putintours.com\/wp-content\/uploads\/2020\/01\/City-tour-Moscow-Put-in-tours.jpg\",\"contentUrl\":\"https:\/\/putintours.com\/wp-content\/uploads\/2020\/01\/City-tour-Moscow-Put-in-tours.jpg\",\"width\":1200,\"height\":800,\"caption\":\"City-tour-Moscow-Put-in-tours\"},{\"@type\":\"WebPage\",\"@id\":\"https:\/\/putintours.com\/es\/consejos-viajar-rusia\/#webpage\",\"url\":\"https:\/\/putintours.com\/es\/consejos-viajar-rusia\/\",\"name\":\"Consejos para viajar a Rusia - Mosc\u00fa y San Petersburgo - Put-in tours\",\"isPartOf\":{\"@id\":\"https:\/\/putintours.com\/#website\"},\"primaryImageOfPage\":{\"@id\":\"https:\/\/putintours.com\/es\/consejos-viajar-rusia\/#primaryimage\"},\"datePublished\":\"2020-02-04T06:04:06+00:00\",\"dateModified\":\"2020-05-20T14:23:17+00:00\",\"description\":\"Descubr\u00eds aqu\u00ed consejos y trucos para organizar su viaje a Mosc\u00fa. Qu\u00e9 visitar, c\u00f3mo organizar seminarios o despedidas de soltero, actividades divertidas.\",\"breadcrumb\":{\"@id\":\"https:\/\/putintours.com\/es\/consejos-viajar-rusia\/#breadcrumb\"},\"inLanguage\":\"es\",\"potentialAction\":[{\"@type\":\"ReadAction\",\"target\":[\"https:\/\/putintours.com\/es\/consejos-viajar-rusia\/\"]}]},{\"@type\":\"BreadcrumbList\",\"@id\":\"https:\/\/putintours.com\/es\/consejos-viajar-rusia\/#breadcrumb\",\"itemListElement\":[{\"@type\":\"ListItem\",\"position\":1,\"name\":\"Home\",\"item\":\"https:\/\/putintours.com\/es\/\"},{\"@type\":\"ListItem\",\"position\":2,\"name\":\"Consejos para viajar a Rusia\"}]}]}<\/script>\n<!-- \/ Yoast SEO plugin. -->","yoast_head_json":{"title":"Consejos para viajar a Rusia - Mosc\u00fa y San Petersburgo - Put-in tours","description":"Descubr\u00eds aqu\u00ed consejos y trucos para organizar su viaje a Mosc\u00fa. Qu\u00e9 visitar, c\u00f3mo organizar seminarios o despedidas de soltero, actividades divertidas.","robots":{"index":"index","follow":"follow","max-snippet":"max-snippet:-1","max-image-preview":"max-image-preview:large","max-video-preview":"max-video-preview:-1"},"canonical":"https:\/\/putintours.com\/es\/consejos-viajar-rusia\/","og_locale":"es_ES","og_type":"article","og_title":"Consejos para viajar a Rusia - Mosc\u00fa y San Petersburgo - Put-in tours","og_description":"Descubr\u00eds aqu\u00ed consejos y trucos para organizar su viaje a Mosc\u00fa. Qu\u00e9 visitar, c\u00f3mo organizar seminarios o despedidas de soltero, actividades divertidas.","og_url":"https:\/\/putintours.com\/es\/consejos-viajar-rusia\/","og_site_name":"Put-in tours","article_modified_time":"2020-05-20T14:23:17+00:00","og_image":[{"width":1200,"height":800,"url":"https:\/\/putintours.com\/wp-content\/uploads\/2020\/01\/City-tour-Moscow-Put-in-tours.jpg","type":"image\/jpeg"}],"twitter_misc":{"Tiempo de lectura":"7 minutos"},"schema":{"@context":"https:\/\/schema.org","@graph":[{"@type":"Organization","@id":"https:\/\/putintours.com\/#organization","name":"Put-in Tours","url":"https:\/\/putintours.com\/","sameAs":[],"logo":{"@type":"ImageObject","@id":"https:\/\/putintours.com\/#logo","inLanguage":"es","url":"","contentUrl":"","caption":"Put-in Tours"},"image":{"@id":"https:\/\/putintours.com\/#logo"}},{"@type":"WebSite","@id":"https:\/\/putintours.com\/#website","url":"https:\/\/putintours.com\/","name":"Put-in tours","description":"Discover Moscow and St-Petersburg onboard a Soviet van!","publisher":{"@id":"https:\/\/putintours.com\/#organization"},"potentialAction":[{"@type":"SearchAction","target":{"@type":"EntryPoint","urlTemplate":"https:\/\/putintours.com\/?s={search_term_string}"},"query-input":"required name=search_term_string"}],"inLanguage":"es"},{"@type":"ImageObject","@id":"https:\/\/putintours.com\/es\/consejos-viajar-rusia\/#primaryimage","inLanguage":"es","url":"https:\/\/putintours.com\/wp-content\/uploads\/2020\/01\/City-tour-Moscow-Put-in-tours.jpg","contentUrl":"https:\/\/putintours.com\/wp-content\/uploads\/2020\/01\/City-tour-Moscow-Put-in-tours.jpg","width":1200,"height":800,"caption":"City-tour-Moscow-Put-in-tours"},{"@type":"WebPage","@id":"https:\/\/putintours.com\/es\/consejos-viajar-rusia\/#webpage","url":"https:\/\/putintours.com\/es\/consejos-viajar-rusia\/","name":"Consejos para viajar a Rusia - Mosc\u00fa y San Petersburgo - Put-in tours","isPartOf":{"@id":"https:\/\/putintours.com\/#website"},"primaryImageOfPage":{"@id":"https:\/\/putintours.com\/es\/consejos-viajar-rusia\/#primaryimage"},"datePublished":"2020-02-04T06:04:06+00:00","dateModified":"2020-05-20T14:23:17+00:00","description":"Descubr\u00eds aqu\u00ed consejos y trucos para organizar su viaje a Mosc\u00fa. Qu\u00e9 visitar, c\u00f3mo organizar seminarios o despedidas de soltero, actividades divertidas.","breadcrumb":{"@id":"https:\/\/putintours.com\/es\/consejos-viajar-rusia\/#breadcrumb"},"inLanguage":"es","potentialAction":[{"@type":"ReadAction","target":["https:\/\/putintours.com\/es\/consejos-viajar-rusia\/"]}]},{"@type":"BreadcrumbList","@id":"https:\/\/putintours.com\/es\/consejos-viajar-rusia\/#breadcrumb","itemListElement":[{"@type":"ListItem","position":1,"name":"Home","item":"https:\/\/putintours.com\/es\/"},{"@type":"ListItem","position":2,"name":"Consejos para viajar a Rusia"}]}]}},"yasr_visitor_votes":{"number_of_votes":1,"sum_votes":5,"stars_attributes":{"read_only":false,"span_bottom":false}},"_links":{"self":[{"href":"https:\/\/putintours.com\/es\/wp-json\/wp\/v2\/pages\/3604"}],"collection":[{"href":"https:\/\/putintours.com\/es\/wp-json\/wp\/v2\/pages"}],"about":[{"href":"https:\/\/putintours.com\/es\/wp-json\/wp\/v2\/types\/page"}],"author":[{"embeddable":true,"href":"https:\/\/putintours.com\/es\/wp-json\/wp\/v2\/users\/1"}],"replies":[{"embeddable":true,"href":"https:\/\/putintours.com\/es\/wp-json\/wp\/v2\/comments?post=3604"}],"version-history":[{"count":6,"href":"https:\/\/putintours.com\/es\/wp-json\/wp\/v2\/pages\/3604\/revisions"}],"predecessor-version":[{"id":6072,"href":"https:\/\/putintours.com\/es\/wp-json\/wp\/v2\/pages\/3604\/revisions\/6072"}],"wp:featuredmedia":[{"embeddable":true,"href":"https:\/\/putintours.com\/es\/wp-json\/wp\/v2\/media\/1764"}],"wp:attachment":[{"href":"https:\/\/putintours.com\/es\/wp-json\/wp\/v2\/media?parent=3604"}],"curies":[{"name":"wp","href":"https:\/\/api.w.org\/{rel}","templated":true}]}}