{"id":6758,"date":"2020-11-18T10:58:16","date_gmt":"2020-11-18T10:58:16","guid":{"rendered":"https:\/\/putintours.com\/disclaimer\/"},"modified":"2020-11-18T13:13:03","modified_gmt":"2020-11-18T13:13:03","slug":"descargo-de-responsabilidad","status":"publish","type":"page","link":"https:\/\/putintours.com\/es\/descargo-de-responsabilidad\/","title":{"rendered":"Descargo de responsabilidad"},"content":{"rendered":"<p>[et_pb_section fb_built=\u00bb1&#8243; _builder_version=\u00bb4.6.6&#8243; _module_preset=\u00bbdefault\u00bb][et_pb_row _builder_version=\u00bb4.6.6&#8243; _module_preset=\u00bbdefault\u00bb][et_pb_column type=\u00bb4_4&#8243; _builder_version=\u00bb4.6.6&#8243; _module_preset=\u00bbdefault\u00bb][et_pb_text _builder_version=\u00bb4.7.1&#8243; _module_preset=\u00bbdefault\u00bb hover_enabled=\u00bb0&#8243; saved_tabs=\u00bball\u00bb header_font=\u00bb|||on|||||\u00bb sticky_enabled=\u00bb0&#8243;]<\/p>\n<h1 style=\"text-align: center;\">Descargo de responsabilidad<\/h1>\n<p>Last updated: 2020-01-01<\/p>\n<p><strong>WEBSITE DISCLAIMER<\/strong><\/p>\n<p>The information provided by <strong>Khorosho ltd.<\/strong> (\u201cCompany\u201d, \u201cwe\u201d, \u201cour\u201d, \u201cus\u201d) on <strong>https:\/\/putintours.com\/<\/strong> (the \u201cSite\u201d) is for general informational purposes only. All information on the Site is provided in good faith, however we make no representation or warranty of any kind, express or implied, regarding the accuracy, adequacy, validity, reliability, availability, or completeness of any information on the Site.<br \/> UNDER NO CIRCUMSTANCE SHALL WE HAVE ANY LIABILITY TO YOU FOR ANY LOSS OR DAMAGE OF ANY KIND INCURRED AS A RESULT OF THE USE OF THE SITE OR RELIANCE ON ANY INFORMATION PROVIDED ON THE SITE. YOUR USE OF THE SITE AND YOUR RELIANCE ON ANY INFORMATION ON THE SITE IS SOLELY AT YOUR OWN RISK.<\/p>\n<p><strong>EXTERNAL LINKS DISCLAIMER<\/strong><\/p>\n<p>The Site may contain (or you may be sent through the Site) links to other websites or content belonging to or originating from third parties or links to websites and features. Such external links are not investigated, monitored, or checked for accuracy, adequacy, validity, reliability, availability or completeness by us.<br \/> WE DO NOT WARRANT, ENDORSE, GUARANTEE, OR ASSUME RESPONSIBILITY FOR THE ACCURACY OR RELIABILITY OF ANY INFORMATION OFFERED BY THIRD-PARTY WEBSITES LINKED THROUGH THE SITE OR ANY WEBSITE OR FEATURE LINKED IN ANY BANNER OR OTHER ADVERTISING. WE WILL NOT BE A PARTY TO OR IN ANY WAY BE RESPONSIBLE FOR MONITORING ANY TRANSACTION BETWEEN YOU AND THIRD-PARTY PROVIDERS OF PRODUCTS OR SERVICES.<\/p>\n<p><strong>ERRORS AND OMISSIONS DISCLAIMER<\/strong><\/p>\n<p>While we have made every attempt to ensure that the information contained in this site has been obtained from reliable sources, Khorosho ltd. is not responsible for any errors or omissions or for the results obtained from the use of this information. All information in this site is provided \u201cas is\u201d, with no guarantee of completeness, accuracy, timeliness or of the results obtained from the use of this information, and without warranty of any kind, express or implied, including, but not limited to warranties of performance, merchantability, and fitness for a particular purpose.<br \/> In no event will Khorosho ltd., its related partnerships or corporations, or the partners, agents or employees thereof be liable to you or anyone else for any decision made or action taken in reliance on the information in this Site or for any consequential, special or similar damages, even if advised of the possibility of such damages.<\/p>\n<p><strong>LOGOS AND TRADEMARKS DISCLAIMER<\/strong><\/p>\n<p>All logos and trademarks of third parties referenced on https:\/\/putintours.com\/ are the trademarks and logos of their respective owners. Any inclusion of such trademarks or logos does not imply or constitute any approval, endorsement or sponsorship of Khorosho ltd. by such owners.<\/p>\n<p><strong>CONTACT US<\/strong><\/p>\n<p>Should you have any feedback, comments, requests for technical support or other inquiries, please contact us via <strong>https:\/\/putintours.com\/contact-us\/<\/strong><\/p>\n<p>[\/et_pb_text][\/et_pb_column][\/et_pb_row][\/et_pb_section][et_pb_section fb_built=\u00bb1&#8243; _builder_version=\u00bb3.25.2&#8243; custom_padding=\u00bb1px||1px|||\u00bb global_module=\u00bb4758&#8243; saved_tabs=\u00bball\u00bb][et_pb_row column_structure=\u00bb1_3,1_3,1_3&#8243; use_custom_gutter=\u00bbon\u00bb gutter_width=\u00bb1&#8243; _builder_version=\u00bb3.25.2&#8243; custom_padding=\u00bb20px|0px|0px|0px\u00bb][et_pb_column type=\u00bb1_3&#8243; _builder_version=\u00bb3.25.2&#8243;][\/et_pb_column][et_pb_column type=\u00bb1_3&#8243; _builder_version=\u00bb3.25.2&#8243;][et_pb_text _builder_version=\u00bb4.2.2&#8243; text_font=\u00bbOpen Sans||||||||\u00bb text_font_size=\u00bb20px\u00bb text_orientation=\u00bbcenter\u00bb custom_margin=\u00bb30px||30px|\u00bb text_text_align=\u00bbcenter\u00bb]<\/p>\n<p>\u00a1S\u00edguenos en las redes sociales!<\/p>\n<p>[\/et_pb_text][et_pb_social_media_follow _builder_version=\u00bb3.25.2&#8243; text_orientation=\u00bbcenter\u00bb custom_margin=\u00bb|||\u00bb custom_margin_tablet=\u00bb\u00bb custom_margin_phone=\u00bb\u00bb custom_margin_last_edited=\u00bbon|desktop\u00bb custom_padding=\u00bb||20px|\u00bb custom_padding_tablet=\u00bb||0px|\u00bb custom_padding_phone=\u00bb||0px|\u00bb custom_padding_last_edited=\u00bbon|phone\u00bb border_radii=\u00bbon|50%|50%|50%|50%\u00bb][et_pb_social_media_follow_network social_network=\u00bbfacebook\u00bb url=\u00bbhttps:\/\/www.facebook.com\/put.in.tours\/\u00bb _builder_version=\u00bb3.0.93&#8243; background_color=\u00bb#3b5998&#8243; follow_button=\u00bboff\u00bb url_new_window=\u00bbon\u00bb]facebook[\/et_pb_social_media_follow_network][et_pb_social_media_follow_network social_network=\u00bbinstagram\u00bb url=\u00bbhttps:\/\/www.instagram.com\/put_in_tours\/\u00bb _builder_version=\u00bb3.0.93&#8243; background_color=\u00bb#517fa4&#8243; follow_button=\u00bboff\u00bb url_new_window=\u00bbon\u00bb]instagram[\/et_pb_social_media_follow_network][et_pb_social_media_follow_network social_network=\u00bbyoutube\u00bb url=\u00bbhttps:\/\/www.youtube.com\/channel\/UCDEY0lFykV7f5k5fl3iGQ9w\u00bb _builder_version=\u00bb3.0.93&#8243; background_color=\u00bb#a82400&#8243; follow_button=\u00bboff\u00bb url_new_window=\u00bbon\u00bb]youtube[\/et_pb_social_media_follow_network][\/et_pb_social_media_follow][\/et_pb_column][et_pb_column type=\u00bb1_3&#8243; _builder_version=\u00bb3.25.2&#8243;][et_pb_image src=\u00bbhttps:\/\/putintours.com\/wp-content\/uploads\/2020\/04\/Put-in-tours-tripadvisor-ES.jpeg\u00bb alt=\u00bbput in tours trip advisor\u00bb title_text=\u00bbput in tours trip advisor\u00bb url=\u00bbhttps:\/\/www.tripadvisor.es\/Attraction_Review-g298484-d13344650-Reviews-Put_in_Tours-Moscow_Central_Russia.html\u00bb url_new_window=\u00bbon\u00bb align=\u00bbcenter\u00bb _builder_version=\u00bb4.2.1&#8243; width=\u00bb40%\u00bb width_tablet=\u00bb25%\u00bb width_phone=\u00bb35%\u00bb width_last_edited=\u00bbon|phone\u00bb module_alignment=\u00bbcenter\u00bb custom_margin=\u00bb6%||5px||false|false\u00bb custom_margin_tablet=\u00bb10px||10px||false|false\u00bb custom_margin_phone=\u00bb10px||10px||false|false\u00bb custom_margin_last_edited=\u00bbon|desktop\u00bb][\/et_pb_image][et_pb_text disabled_on=\u00bboff|off|on\u00bb _builder_version=\u00bb4.4.7&#8243; text_font=\u00bb||||||||\u00bb text_font_size=\u00bb18px\u00bb header_font=\u00bb||||||||\u00bb text_orientation=\u00bbcenter\u00bb text_text_align=\u00bbcenter\u00bb]<\/p>\n<p style=\"text-align: center;\"><a style=\"color: #aaaaaa;\" href=\"https:\/\/putintours.com\/es\/socios\/\">Nuestros socios<\/a><\/p>\n<p style=\"font-size: 12px;\">\u00a9 Copyright 2020 &#8211; Put-in tours<br \/> Designed by SD Marketing &amp; Design<\/p>\n<p>[\/et_pb_text][\/et_pb_column][\/et_pb_row][\/et_pb_section][et_pb_section fb_built=\u00bb1&#8243; disabled_on=\u00bbon|on|off\u00bb _builder_version=\u00bb4.2.1&#8243; background_color=\u00bb#edf2f5&#8243; custom_padding=\u00bb0px||20px|\u00bb global_module=\u00bb3787&#8243; saved_tabs=\u00bball\u00bb][et_pb_row column_structure=\u00bb1_2,1_4,1_4&#8243; use_custom_gutter=\u00bbon\u00bb gutter_width=\u00bb2&#8243; column_padding_mobile=\u00bbon\u00bb _builder_version=\u00bb3.25&#8243; background_size=\u00bbinitial\u00bb background_position=\u00bbtop_left\u00bb background_repeat=\u00bbrepeat\u00bb custom_padding=\u00bb50px||20px|\u00bb][et_pb_column type=\u00bb1_2&#8243; _builder_version=\u00bb3.25&#8243; custom_padding=\u00bb|||\u00bb custom_padding__hover=\u00bb|||\u00bb][et_pb_text _builder_version=\u00bb4.2.2&#8243; text_font=\u00bbSource Sans Pro||||||||\u00bb text_text_color=\u00bb#aaaaaa\u00bb text_font_size=\u00bb16&#8243; text_line_height=\u00bb1.5em\u00bb header_font=\u00bb||||||||\u00bb header_4_font=\u00bb||||||||\u00bb header_4_font_size=\u00bb30px\u00bb background_size=\u00bbinitial\u00bb background_position=\u00bbtop_left\u00bb background_repeat=\u00bbrepeat\u00bb max_width=\u00bb300px\u00bb custom_margin=\u00bb||30px|\u00bb custom_margin_tablet=\u00bb||10px|\u00bb custom_margin_phone=\u00bb\u00bb custom_margin_last_edited=\u00bbon|tablet\u00bb custom_padding=\u00bb0px|||\u00bb header_font_size_tablet=\u00bb\u00bb header_font_size_phone=\u00bb\u00bb header_font_size_last_edited=\u00bbon|desktop\u00bb use_border_color=\u00bboff\u00bb border_color=\u00bb#ffffff\u00bb border_style=\u00bbsolid\u00bb]<\/p>\n<h4>Put-in tours<\/h4>\n<p>A Put-in tours, proponemos viajes en nuestra cl\u00e1sica furgoneta sovi\u00e9tica para explorar Mosc\u00fa, San Petersburgo y la cultura rusa fuera de los caminos trillados. Descubr\u00eds nuestra visita guiada de Mosc\u00fa, Mosc\u00fa de noche, \u00fananse a nuestra excursi\u00f3n banya y Sergiyev Posad, visita y cena en uno de los monasterios m\u00e1s antiguos de Mosc\u00fa antes de salir de fiesta en nuestro famoso pubcrawl! Excursiones originales y \u00fanicas: dispara AK47 y una bazooka despu\u00e9s de montar en un tanque durante nuestra excursi\u00f3n en tanque y con la bazooka!<\/p>\n<p>[\/et_pb_text][et_pb_text _builder_version=\u00bb4.4.7&#8243; text_font=\u00bbOpen Sans||||||||\u00bb text_text_color=\u00bb#aaaaaa\u00bb text_font_size=\u00bb12&#8243; text_line_height=\u00bb1.5em\u00bb background_size=\u00bbinitial\u00bb background_position=\u00bbtop_left\u00bb background_repeat=\u00bbrepeat\u00bb max_width=\u00bb300px\u00bb custom_padding=\u00bb0px|||\u00bb use_border_color=\u00bboff\u00bb]<\/p>\n<p>\u00a9 Copyright 2020 \u2013 Put-in tours<\/p>\n<p>Design web:\u00a0SD Marketing &amp; Design<\/p>\n<p>[\/et_pb_text][\/et_pb_column][et_pb_column type=\u00bb1_4&#8243; _builder_version=\u00bb3.25&#8243; custom_padding=\u00bb|||\u00bb custom_padding__hover=\u00bb|||\u00bb][et_pb_text _builder_version=\u00bb4.2.2&#8243; text_font=\u00bbOpen Sans|700|||||||\u00bb text_text_color=\u00bb#666666&#8243; text_font_size=\u00bb18&#8243; text_line_height=\u00bb1.4em\u00bb background_size=\u00bbinitial\u00bb background_position=\u00bbtop_left\u00bb background_repeat=\u00bbrepeat\u00bb custom_margin=\u00bb||8px|\u00bb use_border_color=\u00bboff\u00bb border_color=\u00bb#ffffff\u00bb border_style=\u00bbsolid\u00bb]<\/p>\n<p>Mapa del sitio web<\/p>\n<p>[\/et_pb_text][et_pb_text _builder_version=\u00bb4.7.1&#8243; text_font=\u00bbSource Sans Pro||||||||\u00bb text_text_color=\u00bb#ffffff\u00bb text_font_size=\u00bb18&#8243; text_line_height=\u00bb2.2em\u00bb background_size=\u00bbinitial\u00bb background_position=\u00bbtop_left\u00bb background_repeat=\u00bbrepeat\u00bb custom_padding=\u00bb0px|||\u00bb hover_enabled=\u00bb0&#8243; use_border_color=\u00bboff\u00bb sticky_enabled=\u00bb0&#8243;]<\/p>\n<p><span style=\"color: #aaaaaa;\"><a style=\"color: #aaaaaa;\" href=\"https:\/\/putintours.com\/es\/\">Home<\/a><\/span><br \/> <span style=\"color: #aaaaaa;\"><a style=\"color: #aaaaaa;\" href=\"https:\/\/putintours.com\/es\/quienes-somos\/\">Qui\u00e9nes somos<\/a><\/span><br \/> <span style=\"color: #aaaaaa;\"><a style=\"color: #aaaaaa;\" href=\"https:\/\/putintours.com\/es\/videos\/\">Videos<\/a><br \/> <a href=\"https:\/\/putintours.com\/es\/tours-moscu\/\"><span style=\"color: #aaaaaa;\">Mosc\u00fa<\/span><\/a><br \/> <a href=\"https:\/\/putintours.com\/es\/tours-saint-petersburg\/\"><span style=\"color: #aaaaaa;\">San Petersburgo<\/span><\/a><br \/> <a href=\"https:\/\/putintours.com\/es\/contactenos\/\"><span style=\"color: #aaaaaa;\">Contacto<\/span><\/a><br \/> <a href=\"https:\/\/putintours.com\/es\/reservacion-en-linea\/\"><span style=\"color: #aaaaaa;\">\u00a1Reservad ahora!<\/span><\/a><br \/> <a href=\"https:\/\/putintours.com\/es\/consejos-viajar-rusia\/\"><span style=\"color: #aaaaaa;\">Blog<\/span><\/a><\/span><br \/> <a href=\"https:\/\/putintours.com\/es\/descargo-de-responsabilidad\/\"><span style=\"color: #aaaaaa;\">Descargo de responsabilidad<\/span><\/a><\/span><br \/> <a href=\"https:\/\/putintours.com\/es\/politica-de-privacidad\/\"><span style=\"color: #aaaaaa;\">Pol\u00edtica de privacidad<\/span><\/a><\/span><\/p>\n<p>[\/et_pb_text][\/et_pb_column][et_pb_column type=\u00bb1_4&#8243; _builder_version=\u00bb3.25&#8243; custom_padding=\u00bb|||\u00bb custom_padding__hover=\u00bb|||\u00bb][et_pb_image src=\u00bbhttps:\/\/putintours.com\/wp-content\/uploads\/2020\/02\/2019_COE_Logos_white-bkg_CMYK_translations_es-ES-AR-LX-2x.png\u00bb alt=\u00bbPut in tours trip advisor\u00bb title_text=\u00bbPut in tours trip advisor\u00bb align=\u00bbcenter\u00bb _builder_version=\u00bb4.6.0&#8243; width=\u00bb75%\u00bb][\/et_pb_image][et_pb_image src=\u00bbhttps:\/\/putintours.com\/wp-content\/uploads\/2020\/09\/TC_2020_L_TRANSPARENT_BG_RGB-700&#215;824-52bfc9a.png\u00bb alt=\u00bbPut in tours trip advisor\u00bb title_text=\u00bbPut in tours trip advisor\u00bb align=\u00bbcenter\u00bb _builder_version=\u00bb4.6.0&#8243; width=\u00bb60%\u00bb][\/et_pb_image][et_pb_text _builder_version=\u00bb4.2.1&#8243; text_font=\u00bbSource Sans Pro||||||||\u00bb text_font_size=\u00bb18px\u00bb header_font=\u00bb||||||||\u00bb text_orientation=\u00bbcenter\u00bb text_text_align=\u00bbcenter\u00bb]<\/p>\n<p><span style=\"color: #aaaaaa;\"><a style=\"color: #aaaaaa;\" href=\"https:\/\/putintours.com\/es\/socios\/\">Nuestros socios<\/a><\/span><\/p>\n<p>[\/et_pb_text][\/et_pb_column][\/et_pb_row][\/et_pb_section]<\/p>\n<div style=\"text-align:center\" class=\"yasr-auto-insert-visitor\"><!--Yasr Visitor Votes Shortcode--><div id='yasr_visitor_votes_6758' class='yasr-visitor-votes'><div class=\"yasr-custom-text-vv-before yasr-custom-text-vv-before-6758\">Rate this page<\/div><div id='yasr-vv-second-row-container-60e992636935c' \n                                        class='yasr-vv-second-row-container'><div id='yasr-visitor-votes-rater-60e992636935c'\n                                      class='yasr-rater-stars-vv'\n                                      data-rater-postid='6758' \n                                      data-rating='0'\n                                      data-rater-starsize='16'\n                                      data-rater-readonly='false'\n                                      data-rater-nonce='587b5cb4fc' \n                                      data-issingular='false'\n                                    ><\/div><div class=\"yasr-vv-stats-text-container\" id=\"yasr-vv-stats-text-container-60e992636935c\"><span id=\"yasr-vv-text-container-60e992636935c\" class=\"yasr-vv-text-container\">[Total: <span id=\"yasr-vv-votes-number-container-60e992636935c\">0<\/span>  Average: <span id=\"yasr-vv-average-container-60e992636935c\">0<\/span>]<\/span><\/div><div id='yasr-vv-loader-60e992636935c' class='yasr-vv-container-loader'><\/div><\/div><div id='yasr-vv-bottom-container-60e992636935c' class='yasr-vv-bottom-container'><\/div><\/div><!--End Yasr Visitor Votes Shortcode--><\/div>","protected":false},"excerpt":{"rendered":"<p>Descargo de responsabilidad Last updated: 2020-01-01 WEBSITE DISCLAIMER The information provided by Khorosho ltd. (\u201cCompany\u201d, \u201cwe\u201d, \u201cour\u201d, \u201cus\u201d) on https:\/\/putintours.com\/ (the \u201cSite\u201d) is for general informational purposes only. All information on the Site is provided in good faith, however we make no representation or warranty of any kind, express or implied, regarding the accuracy, adequacy, [&hellip;]<\/p>\n","protected":false},"author":1,"featured_media":895,"parent":0,"menu_order":0,"comment_status":"closed","ping_status":"closed","template":"","meta":{"_et_pb_use_builder":"on","_et_pb_old_content":"","_et_gb_content_width":"","yasr_overall_rating":0,"yasr_post_is_review":"","yasr_auto_insert_disabled":"","yasr_review_type":""},"yoast_head":"<!-- This site is optimized with the Yoast SEO plugin v18.0 - https:\/\/yoast.com\/wordpress\/plugins\/seo\/ -->\n<title>Descargo de responsabilidad - Put-in tours<\/title>\n<meta name=\"description\" content=\"Lea el descargo de responsabilidad del sitio web de Put-in Tours.\" \/>\n<meta name=\"robots\" content=\"index, follow, max-snippet:-1, max-image-preview:large, max-video-preview:-1\" \/>\n<link rel=\"canonical\" href=\"https:\/\/putintours.com\/es\/descargo-de-responsabilidad\/\" \/>\n<meta property=\"og:locale\" content=\"es_ES\" \/>\n<meta property=\"og:type\" content=\"article\" \/>\n<meta property=\"og:title\" content=\"Descargo de responsabilidad - Put-in tours\" \/>\n<meta property=\"og:description\" content=\"Lea el descargo de responsabilidad del sitio web de Put-in Tours.\" \/>\n<meta property=\"og:url\" content=\"https:\/\/putintours.com\/es\/descargo-de-responsabilidad\/\" \/>\n<meta property=\"og:site_name\" content=\"Put-in tours\" \/>\n<meta property=\"article:modified_time\" content=\"2020-11-18T13:13:03+00:00\" \/>\n<meta property=\"og:image\" content=\"https:\/\/putintours.com\/wp-content\/uploads\/2020\/01\/logo-Put-in-tours-squared-512.jpg\" \/>\n\t<meta property=\"og:image:width\" content=\"512\" \/>\n\t<meta property=\"og:image:height\" content=\"512\" \/>\n\t<meta property=\"og:image:type\" content=\"image\/jpeg\" \/>\n<meta name=\"twitter:label1\" content=\"Tiempo de lectura\" \/>\n\t<meta name=\"twitter:data1\" content=\"7 minutos\" \/>\n<script type=\"application\/ld+json\" class=\"yoast-schema-graph\">{\"@context\":\"https:\/\/schema.org\",\"@graph\":[{\"@type\":\"Organization\",\"@id\":\"https:\/\/putintours.com\/#organization\",\"name\":\"Put-in Tours\",\"url\":\"https:\/\/putintours.com\/\",\"sameAs\":[],\"logo\":{\"@type\":\"ImageObject\",\"@id\":\"https:\/\/putintours.com\/#logo\",\"inLanguage\":\"es\",\"url\":\"\",\"contentUrl\":\"\",\"caption\":\"Put-in Tours\"},\"image\":{\"@id\":\"https:\/\/putintours.com\/#logo\"}},{\"@type\":\"WebSite\",\"@id\":\"https:\/\/putintours.com\/#website\",\"url\":\"https:\/\/putintours.com\/\",\"name\":\"Put-in tours\",\"description\":\"Discover Moscow and St-Petersburg onboard a Soviet van!\",\"publisher\":{\"@id\":\"https:\/\/putintours.com\/#organization\"},\"potentialAction\":[{\"@type\":\"SearchAction\",\"target\":{\"@type\":\"EntryPoint\",\"urlTemplate\":\"https:\/\/putintours.com\/?s={search_term_string}\"},\"query-input\":\"required name=search_term_string\"}],\"inLanguage\":\"es\"},{\"@type\":\"ImageObject\",\"@id\":\"https:\/\/putintours.com\/es\/descargo-de-responsabilidad\/#primaryimage\",\"inLanguage\":\"es\",\"url\":\"https:\/\/putintours.com\/wp-content\/uploads\/2020\/01\/logo-Put-in-tours-squared-512.jpg\",\"contentUrl\":\"https:\/\/putintours.com\/wp-content\/uploads\/2020\/01\/logo-Put-in-tours-squared-512.jpg\",\"width\":512,\"height\":512,\"caption\":\"logo-Put-in-tours-russia-square\"},{\"@type\":\"WebPage\",\"@id\":\"https:\/\/putintours.com\/es\/descargo-de-responsabilidad\/#webpage\",\"url\":\"https:\/\/putintours.com\/es\/descargo-de-responsabilidad\/\",\"name\":\"Descargo de responsabilidad - Put-in tours\",\"isPartOf\":{\"@id\":\"https:\/\/putintours.com\/#website\"},\"primaryImageOfPage\":{\"@id\":\"https:\/\/putintours.com\/es\/descargo-de-responsabilidad\/#primaryimage\"},\"datePublished\":\"2020-11-18T10:58:16+00:00\",\"dateModified\":\"2020-11-18T13:13:03+00:00\",\"description\":\"Lea el descargo de responsabilidad del sitio web de Put-in Tours.\",\"breadcrumb\":{\"@id\":\"https:\/\/putintours.com\/es\/descargo-de-responsabilidad\/#breadcrumb\"},\"inLanguage\":\"es\",\"potentialAction\":[{\"@type\":\"ReadAction\",\"target\":[\"https:\/\/putintours.com\/es\/descargo-de-responsabilidad\/\"]}]},{\"@type\":\"BreadcrumbList\",\"@id\":\"https:\/\/putintours.com\/es\/descargo-de-responsabilidad\/#breadcrumb\",\"itemListElement\":[{\"@type\":\"ListItem\",\"position\":1,\"name\":\"Home\",\"item\":\"https:\/\/putintours.com\/es\/\"},{\"@type\":\"ListItem\",\"position\":2,\"name\":\"Descargo de responsabilidad\"}]}]}<\/script>\n<!-- \/ Yoast SEO plugin. -->","yoast_head_json":{"title":"Descargo de responsabilidad - Put-in tours","description":"Lea el descargo de responsabilidad del sitio web de Put-in Tours.","robots":{"index":"index","follow":"follow","max-snippet":"max-snippet:-1","max-image-preview":"max-image-preview:large","max-video-preview":"max-video-preview:-1"},"canonical":"https:\/\/putintours.com\/es\/descargo-de-responsabilidad\/","og_locale":"es_ES","og_type":"article","og_title":"Descargo de responsabilidad - Put-in tours","og_description":"Lea el descargo de responsabilidad del sitio web de Put-in Tours.","og_url":"https:\/\/putintours.com\/es\/descargo-de-responsabilidad\/","og_site_name":"Put-in tours","article_modified_time":"2020-11-18T13:13:03+00:00","og_image":[{"width":512,"height":512,"url":"https:\/\/putintours.com\/wp-content\/uploads\/2020\/01\/logo-Put-in-tours-squared-512.jpg","type":"image\/jpeg"}],"twitter_misc":{"Tiempo de lectura":"7 minutos"},"schema":{"@context":"https:\/\/schema.org","@graph":[{"@type":"Organization","@id":"https:\/\/putintours.com\/#organization","name":"Put-in Tours","url":"https:\/\/putintours.com\/","sameAs":[],"logo":{"@type":"ImageObject","@id":"https:\/\/putintours.com\/#logo","inLanguage":"es","url":"","contentUrl":"","caption":"Put-in Tours"},"image":{"@id":"https:\/\/putintours.com\/#logo"}},{"@type":"WebSite","@id":"https:\/\/putintours.com\/#website","url":"https:\/\/putintours.com\/","name":"Put-in tours","description":"Discover Moscow and St-Petersburg onboard a Soviet van!","publisher":{"@id":"https:\/\/putintours.com\/#organization"},"potentialAction":[{"@type":"SearchAction","target":{"@type":"EntryPoint","urlTemplate":"https:\/\/putintours.com\/?s={search_term_string}"},"query-input":"required name=search_term_string"}],"inLanguage":"es"},{"@type":"ImageObject","@id":"https:\/\/putintours.com\/es\/descargo-de-responsabilidad\/#primaryimage","inLanguage":"es","url":"https:\/\/putintours.com\/wp-content\/uploads\/2020\/01\/logo-Put-in-tours-squared-512.jpg","contentUrl":"https:\/\/putintours.com\/wp-content\/uploads\/2020\/01\/logo-Put-in-tours-squared-512.jpg","width":512,"height":512,"caption":"logo-Put-in-tours-russia-square"},{"@type":"WebPage","@id":"https:\/\/putintours.com\/es\/descargo-de-responsabilidad\/#webpage","url":"https:\/\/putintours.com\/es\/descargo-de-responsabilidad\/","name":"Descargo de responsabilidad - Put-in tours","isPartOf":{"@id":"https:\/\/putintours.com\/#website"},"primaryImageOfPage":{"@id":"https:\/\/putintours.com\/es\/descargo-de-responsabilidad\/#primaryimage"},"datePublished":"2020-11-18T10:58:16+00:00","dateModified":"2020-11-18T13:13:03+00:00","description":"Lea el descargo de responsabilidad del sitio web de Put-in Tours.","breadcrumb":{"@id":"https:\/\/putintours.com\/es\/descargo-de-responsabilidad\/#breadcrumb"},"inLanguage":"es","potentialAction":[{"@type":"ReadAction","target":["https:\/\/putintours.com\/es\/descargo-de-responsabilidad\/"]}]},{"@type":"BreadcrumbList","@id":"https:\/\/putintours.com\/es\/descargo-de-responsabilidad\/#breadcrumb","itemListElement":[{"@type":"ListItem","position":1,"name":"Home","item":"https:\/\/putintours.com\/es\/"},{"@type":"ListItem","position":2,"name":"Descargo de responsabilidad"}]}]}},"yasr_visitor_votes":{"number_of_votes":0,"sum_votes":0,"stars_attributes":{"read_only":false,"span_bottom":false}},"_links":{"self":[{"href":"https:\/\/putintours.com\/es\/wp-json\/wp\/v2\/pages\/6758"}],"collection":[{"href":"https:\/\/putintours.com\/es\/wp-json\/wp\/v2\/pages"}],"about":[{"href":"https:\/\/putintours.com\/es\/wp-json\/wp\/v2\/types\/page"}],"author":[{"embeddable":true,"href":"https:\/\/putintours.com\/es\/wp-json\/wp\/v2\/users\/1"}],"replies":[{"embeddable":true,"href":"https:\/\/putintours.com\/es\/wp-json\/wp\/v2\/comments?post=6758"}],"version-history":[{"count":4,"href":"https:\/\/putintours.com\/es\/wp-json\/wp\/v2\/pages\/6758\/revisions"}],"predecessor-version":[{"id":6888,"href":"https:\/\/putintours.com\/es\/wp-json\/wp\/v2\/pages\/6758\/revisions\/6888"}],"wp:featuredmedia":[{"embeddable":true,"href":"https:\/\/putintours.com\/es\/wp-json\/wp\/v2\/media\/895"}],"wp:attachment":[{"href":"https:\/\/putintours.com\/es\/wp-json\/wp\/v2\/media?parent=6758"}],"curies":[{"name":"wp","href":"https:\/\/api.w.org\/{rel}","templated":true}]}}