{"id":894,"date":"2020-01-23T07:44:44","date_gmt":"2020-01-23T07:44:44","guid":{"rendered":""},"modified":"2021-10-05T10:11:21","modified_gmt":"2021-10-05T10:11:21","slug":"videos","status":"publish","type":"page","link":"https:\/\/putintours.com\/es\/videos\/","title":{"rendered":"Videos"},"content":{"rendered":"<p>[et_pb_section fb_built=\u00bb1&#8243; _builder_version=\u00bb4.2.1&#8243; background_color=\u00bb#edf2f5&#8243; custom_padding=\u00bb0px|0px||0px|false|false\u00bb global_colors_info=\u00bb{}\u00bb][et_pb_row custom_padding_last_edited=\u00bbon|phone\u00bb _builder_version=\u00bb3.25&#8243; custom_margin_tablet=\u00bb\u00bb custom_margin_phone=\u00bb|||\u00bb custom_margin_last_edited=\u00bbon|desktop\u00bb custom_padding=\u00bb54px|0px|80px|0px\u00bb custom_padding_tablet=\u00bb54px|0px|0px|0px\u00bb custom_padding_phone=\u00bb54px||0px|\u00bb global_colors_info=\u00bb{}\u00bb][et_pb_column type=\u00bb4_4&#8243; _builder_version=\u00bb3.25&#8243; custom_padding=\u00bb|||\u00bb global_colors_info=\u00bb{}\u00bb custom_padding__hover=\u00bb|||\u00bb][et_pb_image src=\u00bbhttps:\/\/putintours.com\/wp-content\/uploads\/2020\/01\/Icon21-300-1.jpg\u00bb alt=\u00bbicon\u00bb title_text=\u00bbicon\u00bb align=\u00bbcenter\u00bb _builder_version=\u00bb4.2.1&#8243; width=\u00bb110px\u00bb module_alignment=\u00bbcenter\u00bb global_colors_info=\u00bb{}\u00bb][\/et_pb_image][et_pb_text _builder_version=\u00bb4.2.1&#8243; header_font=\u00bbOpen Sans||||||||\u00bb header_font_size=\u00bb40px\u00bb global_colors_info=\u00bb{}\u00bb]<\/p>\n<h1 style=\"text-align: center;\">Videos<\/h1>\n<p style=\"text-align: center;\">Porque una imagen vale m\u00e1s que 1000 palabras&#8230;<\/p>\n<p>[\/et_pb_text][\/et_pb_column][\/et_pb_row][et_pb_row _builder_version=\u00bb3.25&#8243; max_width=\u00bb799px\u00bb use_custom_width=\u00bbon\u00bb custom_width_px=\u00bb799px\u00bb saved_tabs=\u00bball\u00bb global_colors_info=\u00bb{}\u00bb][et_pb_column type=\u00bb4_4&#8243; _builder_version=\u00bb3.25&#8243; custom_padding=\u00bb|||\u00bb global_colors_info=\u00bb{}\u00bb custom_padding__hover=\u00bb|||\u00bb][et_pb_video_slider show_image_overlay=\u00bbon\u00bb controls_color=\u00bblight\u00bb _builder_version=\u00bb4.11.1&#8243; hover_enabled=\u00bb0&#8243; global_colors_info=\u00bb{}\u00bb sticky_enabled=\u00bb0&#8243;][et_pb_video_slider_item src=\u00bbhttps:\/\/www.youtube.com\/watch?v=E2tzABxxTNs&#038;t=31s\u00bb _builder_version=\u00bb3.18.7&#8243; global_colors_info=\u00bb{}\u00bb show_image_overlay=\u00bbon\u00bb][\/et_pb_video_slider_item][et_pb_video_slider_item src=\u00bbhttps:\/\/www.youtube.com\/watch?v=nNnQAhQVVig\u00bb _builder_version=\u00bb4.9.4&#8243; global_colors_info=\u00bb{}\u00bb show_image_overlay=\u00bbon\u00bb][\/et_pb_video_slider_item][et_pb_video_slider_item src=\u00bbhttps:\/\/youtu.be\/VKN6fcPV7rs\u00bb _builder_version=\u00bb3.18.7&#8243; global_colors_info=\u00bb{}\u00bb show_image_overlay=\u00bbon\u00bb][\/et_pb_video_slider_item][et_pb_video_slider_item src=\u00bbhttps:\/\/www.youtube.com\/watch?v=uvwgKzcfkwU\u00bb _builder_version=\u00bb3.18.7&#8243; global_colors_info=\u00bb{}\u00bb show_image_overlay=\u00bbon\u00bb][\/et_pb_video_slider_item][et_pb_video_slider_item src=\u00bbhttps:\/\/youtu.be\/uWoqpuc-NxQ\u00bb _builder_version=\u00bb3.18.7&#8243; global_colors_info=\u00bb{}\u00bb show_image_overlay=\u00bbon\u00bb][\/et_pb_video_slider_item][et_pb_video_slider_item src=\u00bbhttps:\/\/youtu.be\/uLIbSGxAPYI\u00bb _builder_version=\u00bb3.18.7&#8243; global_colors_info=\u00bb{}\u00bb show_image_overlay=\u00bbon\u00bb][\/et_pb_video_slider_item][et_pb_video_slider_item src=\u00bbhttps:\/\/youtu.be\/LrVmDX7XzVQ\u00bb _builder_version=\u00bb4.11.1&#8243; hover_enabled=\u00bb0&#8243; global_colors_info=\u00bb{}\u00bb show_image_overlay=\u00bbon\u00bb sticky_enabled=\u00bb0&#8243;][\/et_pb_video_slider_item][\/et_pb_video_slider][\/et_pb_column][\/et_pb_row][\/et_pb_section][et_pb_section fb_built=\u00bb1&#8243; _builder_version=\u00bb3.25.2&#8243; custom_padding=\u00bb1px||1px|||\u00bb global_module=\u00bb3788&#8243; saved_tabs=\u00bball\u00bb global_colors_info=\u00bb{}\u00bb][et_pb_row column_structure=\u00bb1_3,1_3,1_3&#8243; use_custom_gutter=\u00bbon\u00bb gutter_width=\u00bb1&#8243; _builder_version=\u00bb3.25.2&#8243; custom_padding=\u00bb20px|0px|0px|0px\u00bb global_colors_info=\u00bb{}\u00bb][et_pb_column type=\u00bb1_3&#8243; _builder_version=\u00bb3.25.2&#8243; global_colors_info=\u00bb{}\u00bb][\/et_pb_column][et_pb_column type=\u00bb1_3&#8243; _builder_version=\u00bb3.25.2&#8243; global_colors_info=\u00bb{}\u00bb][et_pb_text _builder_version=\u00bb4.2.2&#8243; text_font=\u00bbOpen Sans||||||||\u00bb text_font_size=\u00bb20px\u00bb text_orientation=\u00bbcenter\u00bb custom_margin=\u00bb30px||30px|\u00bb text_text_align=\u00bbcenter\u00bb global_colors_info=\u00bb{}\u00bb]<\/p>\n<p>\u00a1S\u00edguenos en las redes sociales!<\/p>\n<p>[\/et_pb_text][et_pb_social_media_follow _builder_version=\u00bb3.25.2&#8243; text_orientation=\u00bbcenter\u00bb custom_margin=\u00bb|||\u00bb custom_margin_tablet=\u00bb\u00bb custom_margin_phone=\u00bb\u00bb custom_margin_last_edited=\u00bbon|desktop\u00bb custom_padding=\u00bb||20px|\u00bb custom_padding_tablet=\u00bb||0px|\u00bb custom_padding_phone=\u00bb||0px|\u00bb custom_padding_last_edited=\u00bbon|phone\u00bb border_radii=\u00bbon|50%|50%|50%|50%\u00bb global_colors_info=\u00bb{}\u00bb][et_pb_social_media_follow_network social_network=\u00bbfacebook\u00bb url=\u00bbhttps:\/\/www.facebook.com\/put.in.tours\/\u00bb _builder_version=\u00bb3.0.93&#8243; background_color=\u00bb#3b5998&#8243; global_colors_info=\u00bb{}\u00bb follow_button=\u00bboff\u00bb url_new_window=\u00bbon\u00bb]facebook[\/et_pb_social_media_follow_network][et_pb_social_media_follow_network social_network=\u00bbinstagram\u00bb url=\u00bbhttps:\/\/www.instagram.com\/put_in_tours\/\u00bb _builder_version=\u00bb3.0.93&#8243; background_color=\u00bb#517fa4&#8243; global_colors_info=\u00bb{}\u00bb follow_button=\u00bboff\u00bb url_new_window=\u00bbon\u00bb]instagram[\/et_pb_social_media_follow_network][et_pb_social_media_follow_network social_network=\u00bbyoutube\u00bb url=\u00bbhttps:\/\/www.youtube.com\/channel\/UCDEY0lFykV7f5k5fl3iGQ9w\u00bb _builder_version=\u00bb3.0.93&#8243; background_color=\u00bb#a82400&#8243; global_colors_info=\u00bb{}\u00bb follow_button=\u00bboff\u00bb url_new_window=\u00bbon\u00bb]youtube[\/et_pb_social_media_follow_network][\/et_pb_social_media_follow][\/et_pb_column][et_pb_column type=\u00bb1_3&#8243; _builder_version=\u00bb3.25.2&#8243; global_colors_info=\u00bb{}\u00bb][et_pb_image src=\u00bbhttps:\/\/putintours.com\/wp-content\/uploads\/2020\/04\/Put-in-tours-tripadvisor-ES.jpeg\u00bb alt=\u00bbput in tours trip advisor\u00bb title_text=\u00bbput in tours trip advisor\u00bb url=\u00bbhttps:\/\/www.tripadvisor.es\/Attraction_Review-g298484-d13344650-Reviews-Put_in_Tours-Moscow_Central_Russia.html\u00bb url_new_window=\u00bbon\u00bb align=\u00bbcenter\u00bb _builder_version=\u00bb4.2.1&#8243; width=\u00bb40%\u00bb width_tablet=\u00bb25%\u00bb width_phone=\u00bb35%\u00bb width_last_edited=\u00bbon|phone\u00bb module_alignment=\u00bbcenter\u00bb custom_margin=\u00bb6%||5px||false|false\u00bb custom_margin_tablet=\u00bb10px||10px||false|false\u00bb custom_margin_phone=\u00bb10px||10px||false|false\u00bb custom_margin_last_edited=\u00bbon|desktop\u00bb global_colors_info=\u00bb{}\u00bb][\/et_pb_image][et_pb_text disabled_on=\u00bboff|off|on\u00bb _builder_version=\u00bb4.9.4&#8243; text_font=\u00bb||||||||\u00bb text_font_size=\u00bb18px\u00bb header_font=\u00bb||||||||\u00bb text_orientation=\u00bbcenter\u00bb text_text_align=\u00bbcenter\u00bb global_colors_info=\u00bb{}\u00bb]<\/p>\n<p style=\"text-align: center;\"><a style=\"color: #aaaaaa;\" href=\"https:\/\/putintours.com\/es\/socios\/\">Nuestros socios<\/a><\/p>\n<p style=\"font-size: 12px;\">\u00a9 Copyright 2021 &#8211; Put-in tours<br \/> Designed by SD Marketing &amp; Design<\/p>\n<p>[\/et_pb_text][\/et_pb_column][\/et_pb_row][\/et_pb_section][et_pb_section fb_built=\u00bb1&#8243; disabled_on=\u00bbon|on|off\u00bb _builder_version=\u00bb4.2.1&#8243; background_color=\u00bb#edf2f5&#8243; custom_padding=\u00bb0px||20px|\u00bb global_module=\u00bb3787&#8243; saved_tabs=\u00bball\u00bb global_colors_info=\u00bb{}\u00bb][et_pb_row column_structure=\u00bb1_2,1_4,1_4&#8243; use_custom_gutter=\u00bbon\u00bb gutter_width=\u00bb2&#8243; column_padding_mobile=\u00bbon\u00bb _builder_version=\u00bb3.25&#8243; background_size=\u00bbinitial\u00bb background_position=\u00bbtop_left\u00bb background_repeat=\u00bbrepeat\u00bb custom_padding=\u00bb50px||20px|\u00bb global_colors_info=\u00bb{}\u00bb][et_pb_column type=\u00bb1_2&#8243; _builder_version=\u00bb3.25&#8243; custom_padding=\u00bb|||\u00bb global_colors_info=\u00bb{}\u00bb custom_padding__hover=\u00bb|||\u00bb][et_pb_text _builder_version=\u00bb4.2.2&#8243; text_font=\u00bbSource Sans Pro||||||||\u00bb text_text_color=\u00bb#aaaaaa\u00bb text_font_size=\u00bb16&#8243; text_line_height=\u00bb1.5em\u00bb header_font=\u00bb||||||||\u00bb header_4_font=\u00bb||||||||\u00bb header_4_font_size=\u00bb30px\u00bb background_size=\u00bbinitial\u00bb background_position=\u00bbtop_left\u00bb background_repeat=\u00bbrepeat\u00bb max_width=\u00bb300px\u00bb custom_margin=\u00bb||30px|\u00bb custom_margin_tablet=\u00bb||10px|\u00bb custom_margin_phone=\u00bb\u00bb custom_margin_last_edited=\u00bbon|tablet\u00bb custom_padding=\u00bb0px|||\u00bb header_font_size_tablet=\u00bb\u00bb header_font_size_phone=\u00bb\u00bb header_font_size_last_edited=\u00bbon|desktop\u00bb use_border_color=\u00bboff\u00bb border_color=\u00bb#ffffff\u00bb border_style=\u00bbsolid\u00bb global_colors_info=\u00bb{}\u00bb]<\/p>\n<h4>Put-in tours<\/h4>\n<p>A Put-in tours, proponemos viajes en nuestra cl\u00e1sica furgoneta sovi\u00e9tica para explorar Mosc\u00fa, San Petersburgo y la cultura rusa fuera de los caminos trillados. Descubr\u00eds nuestra visita guiada de Mosc\u00fa, Mosc\u00fa de noche, \u00fananse a nuestra excursi\u00f3n banya y Sergiyev Posad, visita y cena en uno de los monasterios m\u00e1s antiguos de Mosc\u00fa antes de salir de fiesta en nuestro famoso pubcrawl! Excursiones originales y \u00fanicas: dispara AK47 y una bazooka despu\u00e9s de montar en un tanque durante nuestra excursi\u00f3n en tanque y con la bazooka!<\/p>\n<p>[\/et_pb_text][et_pb_text _builder_version=\u00bb4.9.4&#8243; text_font=\u00bbOpen Sans||||||||\u00bb text_text_color=\u00bb#aaaaaa\u00bb text_font_size=\u00bb12&#8243; text_line_height=\u00bb1.5em\u00bb background_size=\u00bbinitial\u00bb background_position=\u00bbtop_left\u00bb background_repeat=\u00bbrepeat\u00bb max_width=\u00bb300px\u00bb custom_padding=\u00bb0px|||\u00bb use_border_color=\u00bboff\u00bb global_colors_info=\u00bb{}\u00bb]<\/p>\n<p>\u00a9 Copyright 2021 \u2013 Put-in tours<\/p>\n<p>Design web:\u00a0SD Marketing &amp; Design<\/p>\n<p>[\/et_pb_text][\/et_pb_column][et_pb_column type=\u00bb1_4&#8243; _builder_version=\u00bb3.25&#8243; custom_padding=\u00bb|||\u00bb global_colors_info=\u00bb{}\u00bb custom_padding__hover=\u00bb|||\u00bb][et_pb_text _builder_version=\u00bb4.2.2&#8243; text_font=\u00bbOpen Sans|700|||||||\u00bb text_text_color=\u00bb#666666&#8243; text_font_size=\u00bb18&#8243; text_line_height=\u00bb1.4em\u00bb background_size=\u00bbinitial\u00bb background_position=\u00bbtop_left\u00bb background_repeat=\u00bbrepeat\u00bb custom_margin=\u00bb||8px|\u00bb use_border_color=\u00bboff\u00bb border_color=\u00bb#ffffff\u00bb border_style=\u00bbsolid\u00bb global_colors_info=\u00bb{}\u00bb]<\/p>\n<p>Mapa del sitio web<\/p>\n<p>[\/et_pb_text][et_pb_text _builder_version=\u00bb4.7.1&#8243; text_font=\u00bbSource Sans Pro||||||||\u00bb text_text_color=\u00bb#ffffff\u00bb text_font_size=\u00bb18&#8243; text_line_height=\u00bb2.2em\u00bb background_size=\u00bbinitial\u00bb background_position=\u00bbtop_left\u00bb background_repeat=\u00bbrepeat\u00bb custom_padding=\u00bb0px|||\u00bb use_border_color=\u00bboff\u00bb global_colors_info=\u00bb{}\u00bb]<\/p>\n<p><span style=\"color: #aaaaaa;\"><a style=\"color: #aaaaaa;\" href=\"https:\/\/putintours.com\/es\/\">Home<\/a><\/span><br \/> <span style=\"color: #aaaaaa;\"><a style=\"color: #aaaaaa;\" href=\"https:\/\/putintours.com\/es\/quienes-somos\/\">Qui\u00e9nes somos<\/a><\/span><br \/> <span style=\"color: #aaaaaa;\"><a style=\"color: #aaaaaa;\" href=\"https:\/\/putintours.com\/es\/videos\/\">Videos<\/a><br \/> <a href=\"https:\/\/putintours.com\/es\/tours-moscu\/\"><span style=\"color: #aaaaaa;\">Mosc\u00fa<\/span><\/a><br \/> <a href=\"https:\/\/putintours.com\/es\/tours-saint-petersburg\/\"><span style=\"color: #aaaaaa;\">San Petersburgo<\/span><\/a><br \/> <a href=\"https:\/\/putintours.com\/es\/contactenos\/\"><span style=\"color: #aaaaaa;\">Contacto<\/span><\/a><br \/> <a href=\"https:\/\/putintours.com\/es\/reservacion-en-linea\/\"><span style=\"color: #aaaaaa;\">\u00a1Reservad ahora!<\/span><\/a><br \/> <a href=\"https:\/\/putintours.com\/es\/consejos-viajar-rusia\/\"><span style=\"color: #aaaaaa;\">Blog<\/span><\/a><\/span><br \/> <a href=\"https:\/\/putintours.com\/es\/descargo-de-responsabilidad\/\"><span style=\"color: #aaaaaa;\">Descargo de responsabilidad<\/span><\/a><\/span><br \/> <a href=\"https:\/\/putintours.com\/es\/politica-de-privacidad\/\"><span style=\"color: #aaaaaa;\">Pol\u00edtica de privacidad<\/span><\/a><\/span><\/p>\n<p>[\/et_pb_text][\/et_pb_column][et_pb_column type=\u00bb1_4&#8243; _builder_version=\u00bb3.25&#8243; custom_padding=\u00bb|||\u00bb global_colors_info=\u00bb{}\u00bb custom_padding__hover=\u00bb|||\u00bb][et_pb_image src=\u00bbhttps:\/\/putintours.com\/wp-content\/uploads\/2020\/02\/2019_COE_Logos_white-bkg_CMYK_translations_es-ES-AR-LX-2x.png\u00bb alt=\u00bbPut in tours trip advisor\u00bb title_text=\u00bbPut in tours trip advisor\u00bb align=\u00bbcenter\u00bb _builder_version=\u00bb4.6.0&#8243; width=\u00bb75%\u00bb global_colors_info=\u00bb{}\u00bb][\/et_pb_image][et_pb_image src=\u00bbhttps:\/\/putintours.com\/wp-content\/uploads\/2020\/09\/TC_2020_L_TRANSPARENT_BG_RGB-700&#215;824-52bfc9a.png\u00bb alt=\u00bbPut in tours trip advisor\u00bb title_text=\u00bbPut in tours trip advisor\u00bb align=\u00bbcenter\u00bb _builder_version=\u00bb4.6.0&#8243; width=\u00bb60%\u00bb global_colors_info=\u00bb{}\u00bb][\/et_pb_image][et_pb_text _builder_version=\u00bb4.2.1&#8243; text_font=\u00bbSource Sans Pro||||||||\u00bb text_font_size=\u00bb18px\u00bb header_font=\u00bb||||||||\u00bb text_orientation=\u00bbcenter\u00bb text_text_align=\u00bbcenter\u00bb global_colors_info=\u00bb{}\u00bb]<\/p>\n<p><span style=\"color: #aaaaaa;\"><a style=\"color: #aaaaaa;\" href=\"https:\/\/putintours.com\/es\/socios\/\">Nuestros socios<\/a><\/span><\/p>\n<p>[\/et_pb_text][\/et_pb_column][\/et_pb_row][\/et_pb_section]<\/p>\n<div style=\"text-align:center\" class=\"yasr-auto-insert-visitor\"><!--Yasr Visitor Votes Shortcode--><div id='yasr_visitor_votes_894' class='yasr-visitor-votes'><div class=\"yasr-custom-text-vv-before yasr-custom-text-vv-before-894\">Rate this page<\/div><div id='yasr-vv-second-row-container-e631c6531c927' \n                                        class='yasr-vv-second-row-container'><div id='yasr-visitor-votes-rater-e631c6531c927'\n                                      class='yasr-rater-stars-vv'\n                                      data-rater-postid='894' \n                                      data-rating='5'\n                                      data-rater-starsize='16'\n                                      data-rater-readonly='false'\n                                      data-rater-nonce='587b5cb4fc' \n                                      data-issingular='false'\n                                    ><\/div><div class=\"yasr-vv-stats-text-container\" id=\"yasr-vv-stats-text-container-e631c6531c927\"><span id=\"yasr-vv-text-container-e631c6531c927\" class=\"yasr-vv-text-container\">[Total: <span id=\"yasr-vv-votes-number-container-e631c6531c927\">1<\/span>  Average: <span id=\"yasr-vv-average-container-e631c6531c927\">5<\/span>]<\/span><\/div><div id='yasr-vv-loader-e631c6531c927' class='yasr-vv-container-loader'><\/div><\/div><div id='yasr-vv-bottom-container-e631c6531c927' class='yasr-vv-bottom-container'><\/div><\/div><!--End Yasr Visitor Votes Shortcode--><\/div>","protected":false},"excerpt":{"rendered":"<p>Videos Porque una imagen vale m\u00e1s que 1000 palabras&#8230;\u00a1S\u00edguenos en las redes sociales!facebookinstagramyoutubeNuestros socios \u00a9 Copyright 2021 &#8211; Put-in tours Designed by SD Marketing &amp; DesignPut-in tours A Put-in tours, proponemos viajes en nuestra cl\u00e1sica furgoneta sovi\u00e9tica para explorar Mosc\u00fa, San Petersburgo y la cultura rusa fuera de los caminos trillados. Descubr\u00eds nuestra visita guiada [&hellip;]<\/p>\n","protected":false},"author":1,"featured_media":895,"parent":0,"menu_order":0,"comment_status":"closed","ping_status":"closed","template":"","meta":{"_et_pb_use_builder":"on","_et_pb_old_content":"","_et_gb_content_width":"","yasr_overall_rating":0,"yasr_post_is_review":"","yasr_auto_insert_disabled":"","yasr_review_type":""},"yoast_head":"<!-- This site is optimized with the Yoast SEO plugin v18.0 - https:\/\/yoast.com\/wordpress\/plugins\/seo\/ -->\n<title>Videos - Put-in tours<\/title>\n<meta name=\"description\" content=\"\u00a1Descubr\u00eds Put-in tours en v\u00eddeo! Visitas guiadas de Mosc\u00fa, la visita de Banya con el Monasterio de Sergiyev Posad, paseo por los bares, tanque, AK47...\" \/>\n<meta name=\"robots\" content=\"index, follow, max-snippet:-1, max-image-preview:large, max-video-preview:-1\" \/>\n<link rel=\"canonical\" href=\"https:\/\/putintours.com\/es\/videos\/\" \/>\n<meta property=\"og:locale\" content=\"es_ES\" \/>\n<meta property=\"og:type\" content=\"article\" \/>\n<meta property=\"og:title\" content=\"Videos - Put-in tours\" \/>\n<meta property=\"og:description\" content=\"\u00a1Descubr\u00eds Put-in tours en v\u00eddeo! Visitas guiadas de Mosc\u00fa, la visita de Banya con el Monasterio de Sergiyev Posad, paseo por los bares, tanque, AK47...\" \/>\n<meta property=\"og:url\" content=\"https:\/\/putintours.com\/es\/videos\/\" \/>\n<meta property=\"og:site_name\" content=\"Put-in tours\" \/>\n<meta property=\"article:modified_time\" content=\"2021-10-05T10:11:21+00:00\" \/>\n<meta property=\"og:image\" content=\"https:\/\/putintours.com\/wp-content\/uploads\/2020\/01\/logo-Put-in-tours-squared-512.jpg\" \/>\n\t<meta property=\"og:image:width\" content=\"512\" \/>\n\t<meta property=\"og:image:height\" content=\"512\" \/>\n\t<meta property=\"og:image:type\" content=\"image\/jpeg\" \/>\n<meta name=\"twitter:label1\" content=\"Tiempo de lectura\" \/>\n\t<meta name=\"twitter:data1\" content=\"7 minutos\" \/>\n<script type=\"application\/ld+json\" class=\"yoast-schema-graph\">{\"@context\":\"https:\/\/schema.org\",\"@graph\":[{\"@type\":\"Organization\",\"@id\":\"https:\/\/putintours.com\/#organization\",\"name\":\"Put-in Tours\",\"url\":\"https:\/\/putintours.com\/\",\"sameAs\":[],\"logo\":{\"@type\":\"ImageObject\",\"@id\":\"https:\/\/putintours.com\/#logo\",\"inLanguage\":\"es\",\"url\":\"\",\"contentUrl\":\"\",\"caption\":\"Put-in Tours\"},\"image\":{\"@id\":\"https:\/\/putintours.com\/#logo\"}},{\"@type\":\"WebSite\",\"@id\":\"https:\/\/putintours.com\/#website\",\"url\":\"https:\/\/putintours.com\/\",\"name\":\"Put-in tours\",\"description\":\"Discover Moscow and St-Petersburg onboard a Soviet van!\",\"publisher\":{\"@id\":\"https:\/\/putintours.com\/#organization\"},\"potentialAction\":[{\"@type\":\"SearchAction\",\"target\":{\"@type\":\"EntryPoint\",\"urlTemplate\":\"https:\/\/putintours.com\/?s={search_term_string}\"},\"query-input\":\"required name=search_term_string\"}],\"inLanguage\":\"es\"},{\"@type\":\"ImageObject\",\"@id\":\"https:\/\/putintours.com\/es\/videos\/#primaryimage\",\"inLanguage\":\"es\",\"url\":\"https:\/\/putintours.com\/wp-content\/uploads\/2020\/01\/logo-Put-in-tours-squared-512.jpg\",\"contentUrl\":\"https:\/\/putintours.com\/wp-content\/uploads\/2020\/01\/logo-Put-in-tours-squared-512.jpg\",\"width\":512,\"height\":512,\"caption\":\"logo-Put-in-tours-russia-square\"},{\"@type\":\"WebPage\",\"@id\":\"https:\/\/putintours.com\/es\/videos\/#webpage\",\"url\":\"https:\/\/putintours.com\/es\/videos\/\",\"name\":\"Videos - Put-in tours\",\"isPartOf\":{\"@id\":\"https:\/\/putintours.com\/#website\"},\"primaryImageOfPage\":{\"@id\":\"https:\/\/putintours.com\/es\/videos\/#primaryimage\"},\"datePublished\":\"2020-01-23T07:44:44+00:00\",\"dateModified\":\"2021-10-05T10:11:21+00:00\",\"description\":\"\u00a1Descubr\u00eds Put-in tours en v\u00eddeo! Visitas guiadas de Mosc\u00fa, la visita de Banya con el Monasterio de Sergiyev Posad, paseo por los bares, tanque, AK47...\",\"breadcrumb\":{\"@id\":\"https:\/\/putintours.com\/es\/videos\/#breadcrumb\"},\"inLanguage\":\"es\",\"potentialAction\":[{\"@type\":\"ReadAction\",\"target\":[\"https:\/\/putintours.com\/es\/videos\/\"]}]},{\"@type\":\"BreadcrumbList\",\"@id\":\"https:\/\/putintours.com\/es\/videos\/#breadcrumb\",\"itemListElement\":[{\"@type\":\"ListItem\",\"position\":1,\"name\":\"Home\",\"item\":\"https:\/\/putintours.com\/es\/\"},{\"@type\":\"ListItem\",\"position\":2,\"name\":\"Videos\"}]}]}<\/script>\n<!-- \/ Yoast SEO plugin. -->","yoast_head_json":{"title":"Videos - Put-in tours","description":"\u00a1Descubr\u00eds Put-in tours en v\u00eddeo! Visitas guiadas de Mosc\u00fa, la visita de Banya con el Monasterio de Sergiyev Posad, paseo por los bares, tanque, AK47...","robots":{"index":"index","follow":"follow","max-snippet":"max-snippet:-1","max-image-preview":"max-image-preview:large","max-video-preview":"max-video-preview:-1"},"canonical":"https:\/\/putintours.com\/es\/videos\/","og_locale":"es_ES","og_type":"article","og_title":"Videos - Put-in tours","og_description":"\u00a1Descubr\u00eds Put-in tours en v\u00eddeo! Visitas guiadas de Mosc\u00fa, la visita de Banya con el Monasterio de Sergiyev Posad, paseo por los bares, tanque, AK47...","og_url":"https:\/\/putintours.com\/es\/videos\/","og_site_name":"Put-in tours","article_modified_time":"2021-10-05T10:11:21+00:00","og_image":[{"width":512,"height":512,"url":"https:\/\/putintours.com\/wp-content\/uploads\/2020\/01\/logo-Put-in-tours-squared-512.jpg","type":"image\/jpeg"}],"twitter_misc":{"Tiempo de lectura":"7 minutos"},"schema":{"@context":"https:\/\/schema.org","@graph":[{"@type":"Organization","@id":"https:\/\/putintours.com\/#organization","name":"Put-in Tours","url":"https:\/\/putintours.com\/","sameAs":[],"logo":{"@type":"ImageObject","@id":"https:\/\/putintours.com\/#logo","inLanguage":"es","url":"","contentUrl":"","caption":"Put-in Tours"},"image":{"@id":"https:\/\/putintours.com\/#logo"}},{"@type":"WebSite","@id":"https:\/\/putintours.com\/#website","url":"https:\/\/putintours.com\/","name":"Put-in tours","description":"Discover Moscow and St-Petersburg onboard a Soviet van!","publisher":{"@id":"https:\/\/putintours.com\/#organization"},"potentialAction":[{"@type":"SearchAction","target":{"@type":"EntryPoint","urlTemplate":"https:\/\/putintours.com\/?s={search_term_string}"},"query-input":"required name=search_term_string"}],"inLanguage":"es"},{"@type":"ImageObject","@id":"https:\/\/putintours.com\/es\/videos\/#primaryimage","inLanguage":"es","url":"https:\/\/putintours.com\/wp-content\/uploads\/2020\/01\/logo-Put-in-tours-squared-512.jpg","contentUrl":"https:\/\/putintours.com\/wp-content\/uploads\/2020\/01\/logo-Put-in-tours-squared-512.jpg","width":512,"height":512,"caption":"logo-Put-in-tours-russia-square"},{"@type":"WebPage","@id":"https:\/\/putintours.com\/es\/videos\/#webpage","url":"https:\/\/putintours.com\/es\/videos\/","name":"Videos - Put-in tours","isPartOf":{"@id":"https:\/\/putintours.com\/#website"},"primaryImageOfPage":{"@id":"https:\/\/putintours.com\/es\/videos\/#primaryimage"},"datePublished":"2020-01-23T07:44:44+00:00","dateModified":"2021-10-05T10:11:21+00:00","description":"\u00a1Descubr\u00eds Put-in tours en v\u00eddeo! Visitas guiadas de Mosc\u00fa, la visita de Banya con el Monasterio de Sergiyev Posad, paseo por los bares, tanque, AK47...","breadcrumb":{"@id":"https:\/\/putintours.com\/es\/videos\/#breadcrumb"},"inLanguage":"es","potentialAction":[{"@type":"ReadAction","target":["https:\/\/putintours.com\/es\/videos\/"]}]},{"@type":"BreadcrumbList","@id":"https:\/\/putintours.com\/es\/videos\/#breadcrumb","itemListElement":[{"@type":"ListItem","position":1,"name":"Home","item":"https:\/\/putintours.com\/es\/"},{"@type":"ListItem","position":2,"name":"Videos"}]}]}},"yasr_visitor_votes":{"number_of_votes":1,"sum_votes":5,"stars_attributes":{"read_only":false,"span_bottom":false}},"_links":{"self":[{"href":"https:\/\/putintours.com\/es\/wp-json\/wp\/v2\/pages\/894"}],"collection":[{"href":"https:\/\/putintours.com\/es\/wp-json\/wp\/v2\/pages"}],"about":[{"href":"https:\/\/putintours.com\/es\/wp-json\/wp\/v2\/types\/page"}],"author":[{"embeddable":true,"href":"https:\/\/putintours.com\/es\/wp-json\/wp\/v2\/users\/1"}],"replies":[{"embeddable":true,"href":"https:\/\/putintours.com\/es\/wp-json\/wp\/v2\/comments?post=894"}],"version-history":[{"count":10,"href":"https:\/\/putintours.com\/es\/wp-json\/wp\/v2\/pages\/894\/revisions"}],"predecessor-version":[{"id":8307,"href":"https:\/\/putintours.com\/es\/wp-json\/wp\/v2\/pages\/894\/revisions\/8307"}],"wp:featuredmedia":[{"embeddable":true,"href":"https:\/\/putintours.com\/es\/wp-json\/wp\/v2\/media\/895"}],"wp:attachment":[{"href":"https:\/\/putintours.com\/es\/wp-json\/wp\/v2\/media?parent=894"}],"curies":[{"name":"wp","href":"https:\/\/api.w.org\/{rel}","templated":true}]}}