{"id":6755,"date":"2020-11-18T10:58:16","date_gmt":"2020-11-18T10:58:16","guid":{"rendered":"https:\/\/putintours.com\/disclaimer\/"},"modified":"2020-11-18T12:43:14","modified_gmt":"2020-11-18T12:43:14","slug":"clause-non-responsabilite","status":"publish","type":"page","link":"https:\/\/putintours.com\/fr\/clause-non-responsabilite\/","title":{"rendered":"Clause de non-responsabilit\u00e9"},"content":{"rendered":"<p>[et_pb_section fb_built=\u00a0\u00bb1&Prime; _builder_version=\u00a0\u00bb4.6.6&Prime; _module_preset=\u00a0\u00bbdefault\u00a0\u00bb][et_pb_row _builder_version=\u00a0\u00bb4.6.6&Prime; _module_preset=\u00a0\u00bbdefault\u00a0\u00bb][et_pb_column type=\u00a0\u00bb4_4&Prime; _builder_version=\u00a0\u00bb4.6.6&Prime; _module_preset=\u00a0\u00bbdefault\u00a0\u00bb][et_pb_text _builder_version=\u00a0\u00bb4.7.1&Prime; _module_preset=\u00a0\u00bbdefault\u00a0\u00bb hover_enabled=\u00a0\u00bb0&Prime; saved_tabs=\u00a0\u00bball\u00a0\u00bb sticky_enabled=\u00a0\u00bb0&Prime;]<\/p>\n<h1 style=\"text-align: center;\">CLAUSE DE NON-RESPONSABILIT\u00c9<\/h1>\n<p>Last updated: 2020-01-01<\/p>\n<p><strong>WEBSITE DISCLAIMER<\/strong><\/p>\n<p>The information provided by <strong>Khorosho ltd.<\/strong> (\u201cCompany\u201d, \u201cwe\u201d, \u201cour\u201d, \u201cus\u201d) on <strong>https:\/\/putintours.com\/<\/strong> (the \u201cSite\u201d) is for general informational purposes only. All information on the Site is provided in good faith, however we make no representation or warranty of any kind, express or implied, regarding the accuracy, adequacy, validity, reliability, availability, or completeness of any information on the Site.<br \/> UNDER NO CIRCUMSTANCE SHALL WE HAVE ANY LIABILITY TO YOU FOR ANY LOSS OR DAMAGE OF ANY KIND INCURRED AS A RESULT OF THE USE OF THE SITE OR RELIANCE ON ANY INFORMATION PROVIDED ON THE SITE. YOUR USE OF THE SITE AND YOUR RELIANCE ON ANY INFORMATION ON THE SITE IS SOLELY AT YOUR OWN RISK.<\/p>\n<p><strong>EXTERNAL LINKS DISCLAIMER<\/strong><\/p>\n<p>The Site may contain (or you may be sent through the Site) links to other websites or content belonging to or originating from third parties or links to websites and features. Such external links are not investigated, monitored, or checked for accuracy, adequacy, validity, reliability, availability or completeness by us.<br \/> WE DO NOT WARRANT, ENDORSE, GUARANTEE, OR ASSUME RESPONSIBILITY FOR THE ACCURACY OR RELIABILITY OF ANY INFORMATION OFFERED BY THIRD-PARTY WEBSITES LINKED THROUGH THE SITE OR ANY WEBSITE OR FEATURE LINKED IN ANY BANNER OR OTHER ADVERTISING. WE WILL NOT BE A PARTY TO OR IN ANY WAY BE RESPONSIBLE FOR MONITORING ANY TRANSACTION BETWEEN YOU AND THIRD-PARTY PROVIDERS OF PRODUCTS OR SERVICES.<\/p>\n<p><strong>ERRORS AND OMISSIONS DISCLAIMER<\/strong><\/p>\n<p>While we have made every attempt to ensure that the information contained in this site has been obtained from reliable sources, Khorosho ltd. is not responsible for any errors or omissions or for the results obtained from the use of this information. All information in this site is provided \u201cas is\u201d, with no guarantee of completeness, accuracy, timeliness or of the results obtained from the use of this information, and without warranty of any kind, express or implied, including, but not limited to warranties of performance, merchantability, and fitness for a particular purpose.<br \/> In no event will Khorosho ltd., its related partnerships or corporations, or the partners, agents or employees thereof be liable to you or anyone else for any decision made or action taken in reliance on the information in this Site or for any consequential, special or similar damages, even if advised of the possibility of such damages.<\/p>\n<p><strong>LOGOS AND TRADEMARKS DISCLAIMER<\/strong><\/p>\n<p>All logos and trademarks of third parties referenced on https:\/\/putintours.com\/ are the trademarks and logos of their respective owners. Any inclusion of such trademarks or logos does not imply or constitute any approval, endorsement or sponsorship of Khorosho ltd. by such owners.<\/p>\n<p><strong>CONTACT US<\/strong><\/p>\n<p>Should you have any feedback, comments, requests for technical support or other inquiries, please contact us via <strong>https:\/\/putintours.com\/contact-us\/<\/strong><\/p>\n<p>[\/et_pb_text][\/et_pb_column][\/et_pb_row][\/et_pb_section][et_pb_section fb_built=\u00a0\u00bb1&Prime; _builder_version=\u00a0\u00bb3.25.2&Prime; custom_padding=\u00a0\u00bb1px||1px|||\u00a0\u00bb global_module=\u00a0\u00bb3662&Prime; saved_tabs=\u00a0\u00bball\u00a0\u00bb][et_pb_row column_structure=\u00a0\u00bb1_3,1_3,1_3&Prime; use_custom_gutter=\u00a0\u00bbon\u00a0\u00bb gutter_width=\u00a0\u00bb1&Prime; _builder_version=\u00a0\u00bb3.25.2&Prime; custom_padding=\u00a0\u00bb20px|0px|0px|0px\u00a0\u00bb][et_pb_column type=\u00a0\u00bb1_3&Prime; _builder_version=\u00a0\u00bb3.25.2&Prime;][\/et_pb_column][et_pb_column type=\u00a0\u00bb1_3&Prime; _builder_version=\u00a0\u00bb3.25.2&Prime;][et_pb_text _builder_version=\u00a0\u00bb4.2.2&Prime; text_font=\u00a0\u00bbOpen Sans||||||||\u00a0\u00bb text_font_size=\u00a0\u00bb20px\u00a0\u00bb text_orientation=\u00a0\u00bbcenter\u00a0\u00bb custom_margin=\u00a0\u00bb30px||30px|\u00a0\u00bb text_text_align=\u00a0\u00bbcenter\u00a0\u00bb]<\/p>\n<p>Suivez-nous sur les r\u00e9seaux sociaux!<\/p>\n<p>[\/et_pb_text][et_pb_social_media_follow _builder_version=\u00a0\u00bb3.25.2&Prime; text_orientation=\u00a0\u00bbcenter\u00a0\u00bb custom_margin=\u00a0\u00bb|||\u00a0\u00bb custom_margin_tablet=\u00a0\u00bb\u00a0\u00bb custom_margin_phone=\u00a0\u00bb\u00a0\u00bb custom_margin_last_edited=\u00a0\u00bbon|desktop\u00a0\u00bb custom_padding=\u00a0\u00bb||20px|\u00a0\u00bb custom_padding_tablet=\u00a0\u00bb||0px|\u00a0\u00bb custom_padding_phone=\u00a0\u00bb||0px|\u00a0\u00bb custom_padding_last_edited=\u00a0\u00bbon|phone\u00a0\u00bb border_radii=\u00a0\u00bbon|50%|50%|50%|50%\u00a0\u00bb][et_pb_social_media_follow_network social_network=\u00a0\u00bbfacebook\u00a0\u00bb url=\u00a0\u00bbhttps:\/\/www.facebook.com\/put.in.tours\/\u00a0\u00bb _builder_version=\u00a0\u00bb3.0.93&Prime; background_color=\u00a0\u00bb#3b5998&Prime; follow_button=\u00a0\u00bboff\u00a0\u00bb url_new_window=\u00a0\u00bbon\u00a0\u00bb]facebook[\/et_pb_social_media_follow_network][et_pb_social_media_follow_network social_network=\u00a0\u00bbinstagram\u00a0\u00bb url=\u00a0\u00bbhttps:\/\/www.instagram.com\/put_in_tours\/\u00a0\u00bb _builder_version=\u00a0\u00bb3.0.93&Prime; background_color=\u00a0\u00bb#517fa4&Prime; follow_button=\u00a0\u00bboff\u00a0\u00bb url_new_window=\u00a0\u00bbon\u00a0\u00bb]instagram[\/et_pb_social_media_follow_network][et_pb_social_media_follow_network social_network=\u00a0\u00bbyoutube\u00a0\u00bb url=\u00a0\u00bbhttps:\/\/www.youtube.com\/channel\/UCDEY0lFykV7f5k5fl3iGQ9w\u00a0\u00bb _builder_version=\u00a0\u00bb3.0.93&Prime; background_color=\u00a0\u00bb#a82400&Prime; follow_button=\u00a0\u00bboff\u00a0\u00bb url_new_window=\u00a0\u00bbon\u00a0\u00bb]youtube[\/et_pb_social_media_follow_network][\/et_pb_social_media_follow][\/et_pb_column][et_pb_column type=\u00a0\u00bb1_3&Prime; _builder_version=\u00a0\u00bb3.25.2&Prime;][et_pb_image src=\u00a0\u00bbhttps:\/\/putintours.com\/wp-content\/uploads\/2020\/04\/put-in-tours-trip-advisor-FR.jpeg\u00a0\u00bb alt=\u00a0\u00bbput in tours trip advisor\u00a0\u00bb title_text=\u00a0\u00bbput in tours trip advisor\u00a0\u00bb url=\u00a0\u00bbhttps:\/\/www.tripadvisor.fr\/Attraction_Review-g298484-d13344650-Reviews-Put_in_Tours-Moscow_Central_Russia.html\u00a0\u00bb url_new_window=\u00a0\u00bbon\u00a0\u00bb align=\u00a0\u00bbcenter\u00a0\u00bb _builder_version=\u00a0\u00bb4.2.1&Prime; width=\u00a0\u00bb40%\u00a0\u00bb width_tablet=\u00a0\u00bb25%\u00a0\u00bb width_phone=\u00a0\u00bb35%\u00a0\u00bb width_last_edited=\u00a0\u00bbon|phone\u00a0\u00bb module_alignment=\u00a0\u00bbcenter\u00a0\u00bb custom_margin=\u00a0\u00bb6%||5px||false|false\u00a0\u00bb custom_margin_tablet=\u00a0\u00bb10px||10px||false|false\u00a0\u00bb custom_margin_phone=\u00a0\u00bb10px||10px||false|false\u00a0\u00bb custom_margin_last_edited=\u00a0\u00bbon|desktop\u00a0\u00bb][\/et_pb_image][et_pb_text disabled_on=\u00a0\u00bboff|off|on\u00a0\u00bb _builder_version=\u00a0\u00bb4.4.7&Prime; text_font=\u00a0\u00bb||||||||\u00a0\u00bb text_font_size=\u00a0\u00bb18px\u00a0\u00bb header_font=\u00a0\u00bb||||||||\u00a0\u00bb text_orientation=\u00a0\u00bbcenter\u00a0\u00bb text_text_align=\u00a0\u00bbcenter\u00a0\u00bb]<\/p>\n<p style=\"text-align: center;\"><a style=\"color: #aaaaaa;\" href=\"https:\/\/putintours.com\/fr\/partenaires\/\">Nos partenaires<\/a><\/p>\n<p style=\"font-size: 12px;\">\u00a9 Copyright 2020 &#8211; Put-in tours<br \/> Designed by SD Marketing &amp; Design<\/p>\n<p>[\/et_pb_text][\/et_pb_column][\/et_pb_row][\/et_pb_section][et_pb_section fb_built=\u00a0\u00bb1&Prime; disabled_on=\u00a0\u00bbon|on|off\u00a0\u00bb _builder_version=\u00a0\u00bb4.2.1&Prime; background_color=\u00a0\u00bb#edf2f5&Prime; custom_padding=\u00a0\u00bb0px||20px|\u00a0\u00bb global_module=\u00a0\u00bb3686&Prime; saved_tabs=\u00a0\u00bball\u00a0\u00bb][et_pb_row column_structure=\u00a0\u00bb1_2,1_4,1_4&Prime; use_custom_gutter=\u00a0\u00bbon\u00a0\u00bb gutter_width=\u00a0\u00bb2&Prime; column_padding_mobile=\u00a0\u00bbon\u00a0\u00bb _builder_version=\u00a0\u00bb3.25&Prime; background_size=\u00a0\u00bbinitial\u00a0\u00bb background_position=\u00a0\u00bbtop_left\u00a0\u00bb background_repeat=\u00a0\u00bbrepeat\u00a0\u00bb custom_padding=\u00a0\u00bb50px||20px|\u00a0\u00bb][et_pb_column type=\u00a0\u00bb1_2&Prime; _builder_version=\u00a0\u00bb3.25&Prime; custom_padding=\u00a0\u00bb|||\u00a0\u00bb custom_padding__hover=\u00a0\u00bb|||\u00a0\u00bb][et_pb_text _builder_version=\u00a0\u00bb4.2.1&Prime; text_font=\u00a0\u00bbSource Sans Pro||||||||\u00a0\u00bb text_text_color=\u00a0\u00bb#aaaaaa\u00a0\u00bb text_font_size=\u00a0\u00bb16&Prime; text_line_height=\u00a0\u00bb1.5em\u00a0\u00bb header_font=\u00a0\u00bb||||||||\u00a0\u00bb header_4_font=\u00a0\u00bb||||||||\u00a0\u00bb header_4_font_size=\u00a0\u00bb30px\u00a0\u00bb background_size=\u00a0\u00bbinitial\u00a0\u00bb background_position=\u00a0\u00bbtop_left\u00a0\u00bb background_repeat=\u00a0\u00bbrepeat\u00a0\u00bb max_width=\u00a0\u00bb300px\u00a0\u00bb custom_margin=\u00a0\u00bb||30px|\u00a0\u00bb custom_margin_tablet=\u00a0\u00bb||10px|\u00a0\u00bb custom_margin_phone=\u00a0\u00bb\u00a0\u00bb custom_margin_last_edited=\u00a0\u00bbon|tablet\u00a0\u00bb custom_padding=\u00a0\u00bb0px|||\u00a0\u00bb header_font_size_tablet=\u00a0\u00bb\u00a0\u00bb header_font_size_phone=\u00a0\u00bb\u00a0\u00bb header_font_size_last_edited=\u00a0\u00bbon|desktop\u00a0\u00bb use_border_color=\u00a0\u00bboff\u00a0\u00bb border_color=\u00a0\u00bb#ffffff\u00a0\u00bb border_style=\u00a0\u00bbsolid\u00a0\u00bb]<\/p>\n<h4>Put-in tours<\/h4>\n<p>Avec Put-in tours, montez \u00e0 bord d&rsquo;un ancien van sovi\u00e9tique pour d\u00e9couvrir Moscou, Saint-P\u00e9tersbourg et la culture Russe en dehors des sentiers battus. D\u00e9couvrez notre visite guid\u00e9e de Moscou, notre tour de nuit, notre excursion \u00e0 Sergiyev Posad et au banya, passez soir\u00e9e dans l&rsquo;un des plus anciens Monast\u00e8res de Moscou avant de partir faire la f\u00eate lors de notre tourn\u00e9e des bars! Tours originaux et atypiques: tirer \u00e0 l&rsquo;AK-47 et au bazooka apr\u00e8s une balade en char d&rsquo;assaut avec notre excursion tank &#038; tir!<\/p>\n<p>[\/et_pb_text][et_pb_text _builder_version=\u00a0\u00bb4.4.7&Prime; text_font=\u00a0\u00bbOpen Sans||||||||\u00a0\u00bb text_text_color=\u00a0\u00bb#aaaaaa\u00a0\u00bb text_font_size=\u00a0\u00bb12&Prime; text_line_height=\u00a0\u00bb1.5em\u00a0\u00bb background_size=\u00a0\u00bbinitial\u00a0\u00bb background_position=\u00a0\u00bbtop_left\u00a0\u00bb background_repeat=\u00a0\u00bbrepeat\u00a0\u00bb max_width=\u00a0\u00bb300px\u00a0\u00bb custom_padding=\u00a0\u00bb0px|||\u00a0\u00bb use_border_color=\u00a0\u00bboff\u00a0\u00bb]<\/p>\n<p>\u00a9 Copyright 2020 \u2013 Put-in tours<\/p>\n<p>Design web:\u00a0SD Marketing &amp; Design<\/p>\n<p>[\/et_pb_text][\/et_pb_column][et_pb_column type=\u00a0\u00bb1_4&Prime; _builder_version=\u00a0\u00bb3.25&Prime; custom_padding=\u00a0\u00bb|||\u00a0\u00bb custom_padding__hover=\u00a0\u00bb|||\u00a0\u00bb][et_pb_text _builder_version=\u00a0\u00bb3.27.4&Prime; text_font=\u00a0\u00bbOpen Sans|700|||||||\u00a0\u00bb text_text_color=\u00a0\u00bb#666666&Prime; text_font_size=\u00a0\u00bb18&Prime; text_line_height=\u00a0\u00bb1.4em\u00a0\u00bb background_size=\u00a0\u00bbinitial\u00a0\u00bb background_position=\u00a0\u00bbtop_left\u00a0\u00bb background_repeat=\u00a0\u00bbrepeat\u00a0\u00bb custom_margin=\u00a0\u00bb||8px|\u00a0\u00bb use_border_color=\u00a0\u00bboff\u00a0\u00bb border_color=\u00a0\u00bb#ffffff\u00a0\u00bb border_style=\u00a0\u00bbsolid\u00a0\u00bb]<\/p>\n<p>Sitemap<\/p>\n<p>[\/et_pb_text][et_pb_text _builder_version=\u00a0\u00bb4.7.1&Prime; text_font=\u00a0\u00bbSource Sans Pro||||||||\u00a0\u00bb text_text_color=\u00a0\u00bb#ffffff\u00a0\u00bb text_font_size=\u00a0\u00bb18&Prime; text_line_height=\u00a0\u00bb2.2em\u00a0\u00bb background_size=\u00a0\u00bbinitial\u00a0\u00bb background_position=\u00a0\u00bbtop_left\u00a0\u00bb background_repeat=\u00a0\u00bbrepeat\u00a0\u00bb custom_padding=\u00a0\u00bb0px|||\u00a0\u00bb use_border_color=\u00a0\u00bboff\u00a0\u00bb]<\/p>\n<p><span style=\"color: #aaaaaa;\"><a style=\"color: #aaaaaa;\" href=\"https:\/\/putintours.com\/fr\/\">Accueil<\/a><\/span><br \/>\n<span style=\"color: #aaaaaa;\"><a style=\"color: #aaaaaa;\" href=\"https:\/\/putintours.com\/fr\/a-propos\/\">A propos<\/a><\/span><br \/>\n<span style=\"color: #aaaaaa;\"><a style=\"color: #aaaaaa;\" href=\"https:\/\/putintours.com\/fr\/videos\/\">Vid\u00e9os<\/a><br \/>\n<a href=\"https:\/\/putintours.com\/fr\/tours-moscou\/\"><span style=\"color: #aaaaaa;\">Moscou<\/span><\/a><br \/>\n<a href=\"https:\/\/putintours.com\/fr\/tours-saint-petersbourg\/\"><span style=\"color: #aaaaaa;\">Saint-P\u00e9tersbourg<\/span><\/a><br \/>\n<a href=\"https:\/\/putintours.com\/fr\/contact\/\"><span style=\"color: #aaaaaa;\">Contact<\/span><\/a><br \/>\n<a href=\"https:\/\/putintours.com\/fr\/reservation-en-ligne\/\"><span style=\"color: #aaaaaa;\">R\u00e9servation en ligne<\/span><\/a><br \/>\n<a href=\"https:\/\/putintours.com\/fr\/astuces-voyage-russie\/\"><span style=\"color: #aaaaaa;\">Blog<\/span><\/a><br \/>\n<a href=\"https:\/\/putintours.com\/fr\/clause-non-responsabilite\/\"><span style=\"color: #aaaaaa;\">Clause de non-responsabilit\u00e9<\/span><\/a><br \/>\n<a href=\"https:\/\/putintours.com\/fr\/politique-confidentialite\/\"><span style=\"color: #aaaaaa;\">Politique de confidentialit\u00e9<\/span><\/a><\/p>\n<p>[\/et_pb_text][\/et_pb_column][et_pb_column type=\u00a0\u00bb1_4&Prime; _builder_version=\u00a0\u00bb3.25&Prime; custom_padding=\u00a0\u00bb|||\u00a0\u00bb custom_padding__hover=\u00a0\u00bb|||\u00a0\u00bb][et_pb_image src=\u00a0\u00bbhttps:\/\/putintours.com\/wp-content\/uploads\/2020\/02\/2019_COE_Logos_white-bkg_WEB_translations_fr_FR-2x.png\u00a0\u00bb alt=\u00a0\u00bbPut in tours trip advisor\u00a0\u00bb title_text=\u00a0\u00bbPut in tours trip advisor\u00a0\u00bb align=\u00a0\u00bbcenter\u00a0\u00bb _builder_version=\u00a0\u00bb4.6.0&Prime; width=\u00a0\u00bb75%\u00a0\u00bb][\/et_pb_image][et_pb_image src=\u00a0\u00bbhttps:\/\/putintours.com\/wp-content\/uploads\/2020\/09\/TC_2020_L_TRANSPARENT_BG_RGB-700&#215;824-52bfc9a.png\u00a0\u00bb alt=\u00a0\u00bbPut-in tours trip advisor\u00a0\u00bb title_text=\u00a0\u00bbPut-in tours trip advisor\u00a0\u00bb align=\u00a0\u00bbcenter\u00a0\u00bb _builder_version=\u00a0\u00bb4.6.0&Prime; width=\u00a0\u00bb60%\u00a0\u00bb][\/et_pb_image][et_pb_text _builder_version=\u00a0\u00bb4.2.1&Prime; text_font=\u00a0\u00bbSource Sans Pro||||||||\u00a0\u00bb text_font_size=\u00a0\u00bb18px\u00a0\u00bb header_font=\u00a0\u00bb||||||||\u00a0\u00bb text_orientation=\u00a0\u00bbcenter\u00a0\u00bb text_text_align=\u00a0\u00bbcenter\u00a0\u00bb]<\/p>\n<p style=\"text-align: center;\"><a style=\"color: #aaaaaa;\" href=\"https:\/\/putintours.com\/fr\/partenaires\/\">Nos partenaires<\/a><\/p>\n<p>[\/et_pb_text][\/et_pb_column][\/et_pb_row][\/et_pb_section]<\/p>\n<div style=\"text-align:center\" class=\"yasr-auto-insert-visitor\"><!--Yasr Visitor Votes Shortcode--><div id='yasr_visitor_votes_6755' class='yasr-visitor-votes'><div class=\"yasr-custom-text-vv-before yasr-custom-text-vv-before-6755\">Rate this page<\/div><div id='yasr-vv-second-row-container-eb095082ec2d6' \n                                        class='yasr-vv-second-row-container'><div id='yasr-visitor-votes-rater-eb095082ec2d6'\n                                      class='yasr-rater-stars-vv'\n                                      data-rater-postid='6755' \n                                      data-rating='0'\n                                      data-rater-starsize='16'\n                                      data-rater-readonly='false'\n                                      data-rater-nonce='03cd639ae0' \n                                      data-issingular='false'\n                                    ><\/div><div class=\"yasr-vv-stats-text-container\" id=\"yasr-vv-stats-text-container-eb095082ec2d6\"><span id=\"yasr-vv-text-container-eb095082ec2d6\" class=\"yasr-vv-text-container\">[Total: <span id=\"yasr-vv-votes-number-container-eb095082ec2d6\">0<\/span>  Average: <span id=\"yasr-vv-average-container-eb095082ec2d6\">0<\/span>]<\/span><\/div><div id='yasr-vv-loader-eb095082ec2d6' class='yasr-vv-container-loader'><\/div><\/div><div id='yasr-vv-bottom-container-eb095082ec2d6' class='yasr-vv-bottom-container'><\/div><\/div><!--End Yasr Visitor Votes Shortcode--><\/div>","protected":false},"excerpt":{"rendered":"<p>CLAUSE DE NON-RESPONSABILIT\u00c9 Last updated: 2020-01-01 WEBSITE DISCLAIMER The information provided by Khorosho ltd. (\u201cCompany\u201d, \u201cwe\u201d, \u201cour\u201d, \u201cus\u201d) on https:\/\/putintours.com\/ (the \u201cSite\u201d) is for general informational purposes only. All information on the Site is provided in good faith, however we make no representation or warranty of any kind, express or implied, regarding the accuracy, adequacy, [&hellip;]<\/p>\n","protected":false},"author":1,"featured_media":889,"parent":0,"menu_order":0,"comment_status":"closed","ping_status":"closed","template":"","meta":{"_et_pb_use_builder":"on","_et_pb_old_content":"","_et_gb_content_width":"","yasr_overall_rating":0,"yasr_post_is_review":"","yasr_auto_insert_disabled":"","yasr_review_type":""},"yoast_head":"<!-- This site is optimized with the Yoast SEO plugin v18.0 - https:\/\/yoast.com\/wordpress\/plugins\/seo\/ -->\n<title>Clause de non-responsabilit\u00e9 - Put-in tours<\/title>\n<meta name=\"description\" content=\"Lisez la clause de non-responsabilit\u00e9 du site Web Put-in Tours.\" \/>\n<meta name=\"robots\" content=\"index, follow, max-snippet:-1, max-image-preview:large, max-video-preview:-1\" \/>\n<link rel=\"canonical\" href=\"https:\/\/putintours.com\/fr\/clause-non-responsabilite\/\" \/>\n<meta property=\"og:locale\" content=\"fr_FR\" \/>\n<meta property=\"og:type\" content=\"article\" \/>\n<meta property=\"og:title\" content=\"Clause de non-responsabilit\u00e9 - Put-in tours\" \/>\n<meta property=\"og:description\" content=\"Lisez la clause de non-responsabilit\u00e9 du site Web Put-in Tours.\" \/>\n<meta property=\"og:url\" content=\"https:\/\/putintours.com\/fr\/clause-non-responsabilite\/\" \/>\n<meta property=\"og:site_name\" content=\"Put-in tours\" \/>\n<meta property=\"article:modified_time\" content=\"2020-11-18T12:43:14+00:00\" \/>\n<meta property=\"og:image\" content=\"https:\/\/putintours.com\/wp-content\/uploads\/2020\/01\/logo-Put-in-tours-squared-512.jpg\" \/>\n\t<meta property=\"og:image:width\" content=\"512\" \/>\n\t<meta property=\"og:image:height\" content=\"512\" \/>\n\t<meta property=\"og:image:type\" content=\"image\/jpeg\" \/>\n<meta name=\"twitter:label1\" content=\"Dur\u00e9e de lecture estim\u00e9e\" \/>\n\t<meta name=\"twitter:data1\" content=\"7 minutes\" \/>\n<script type=\"application\/ld+json\" class=\"yoast-schema-graph\">{\"@context\":\"https:\/\/schema.org\",\"@graph\":[{\"@type\":\"Organization\",\"@id\":\"https:\/\/putintours.com\/#organization\",\"name\":\"Put-in Tours\",\"url\":\"https:\/\/putintours.com\/\",\"sameAs\":[],\"logo\":{\"@type\":\"ImageObject\",\"@id\":\"https:\/\/putintours.com\/#logo\",\"inLanguage\":\"fr-FR\",\"url\":\"\",\"contentUrl\":\"\",\"caption\":\"Put-in Tours\"},\"image\":{\"@id\":\"https:\/\/putintours.com\/#logo\"}},{\"@type\":\"WebSite\",\"@id\":\"https:\/\/putintours.com\/#website\",\"url\":\"https:\/\/putintours.com\/\",\"name\":\"Put-in tours\",\"description\":\"Discover Moscow and St-Petersburg onboard a Soviet van!\",\"publisher\":{\"@id\":\"https:\/\/putintours.com\/#organization\"},\"potentialAction\":[{\"@type\":\"SearchAction\",\"target\":{\"@type\":\"EntryPoint\",\"urlTemplate\":\"https:\/\/putintours.com\/?s={search_term_string}\"},\"query-input\":\"required name=search_term_string\"}],\"inLanguage\":\"fr-FR\"},{\"@type\":\"ImageObject\",\"@id\":\"https:\/\/putintours.com\/fr\/clause-non-responsabilite\/#primaryimage\",\"inLanguage\":\"fr-FR\",\"url\":\"https:\/\/putintours.com\/wp-content\/uploads\/2020\/01\/logo-Put-in-tours-squared-512.jpg\",\"contentUrl\":\"https:\/\/putintours.com\/wp-content\/uploads\/2020\/01\/logo-Put-in-tours-squared-512.jpg\",\"width\":512,\"height\":512,\"caption\":\"Put in Tours Russie\"},{\"@type\":\"WebPage\",\"@id\":\"https:\/\/putintours.com\/fr\/clause-non-responsabilite\/#webpage\",\"url\":\"https:\/\/putintours.com\/fr\/clause-non-responsabilite\/\",\"name\":\"Clause de non-responsabilit\u00e9 - Put-in tours\",\"isPartOf\":{\"@id\":\"https:\/\/putintours.com\/#website\"},\"primaryImageOfPage\":{\"@id\":\"https:\/\/putintours.com\/fr\/clause-non-responsabilite\/#primaryimage\"},\"datePublished\":\"2020-11-18T10:58:16+00:00\",\"dateModified\":\"2020-11-18T12:43:14+00:00\",\"description\":\"Lisez la clause de non-responsabilit\u00e9 du site Web Put-in Tours.\",\"breadcrumb\":{\"@id\":\"https:\/\/putintours.com\/fr\/clause-non-responsabilite\/#breadcrumb\"},\"inLanguage\":\"fr-FR\",\"potentialAction\":[{\"@type\":\"ReadAction\",\"target\":[\"https:\/\/putintours.com\/fr\/clause-non-responsabilite\/\"]}]},{\"@type\":\"BreadcrumbList\",\"@id\":\"https:\/\/putintours.com\/fr\/clause-non-responsabilite\/#breadcrumb\",\"itemListElement\":[{\"@type\":\"ListItem\",\"position\":1,\"name\":\"Home\",\"item\":\"https:\/\/putintours.com\/fr\/\"},{\"@type\":\"ListItem\",\"position\":2,\"name\":\"Clause de non-responsabilit\u00e9\"}]}]}<\/script>\n<!-- \/ Yoast SEO plugin. -->","yoast_head_json":{"title":"Clause de non-responsabilit\u00e9 - Put-in tours","description":"Lisez la clause de non-responsabilit\u00e9 du site Web Put-in Tours.","robots":{"index":"index","follow":"follow","max-snippet":"max-snippet:-1","max-image-preview":"max-image-preview:large","max-video-preview":"max-video-preview:-1"},"canonical":"https:\/\/putintours.com\/fr\/clause-non-responsabilite\/","og_locale":"fr_FR","og_type":"article","og_title":"Clause de non-responsabilit\u00e9 - Put-in tours","og_description":"Lisez la clause de non-responsabilit\u00e9 du site Web Put-in Tours.","og_url":"https:\/\/putintours.com\/fr\/clause-non-responsabilite\/","og_site_name":"Put-in tours","article_modified_time":"2020-11-18T12:43:14+00:00","og_image":[{"width":512,"height":512,"url":"https:\/\/putintours.com\/wp-content\/uploads\/2020\/01\/logo-Put-in-tours-squared-512.jpg","type":"image\/jpeg"}],"twitter_misc":{"Dur\u00e9e de lecture estim\u00e9e":"7 minutes"},"schema":{"@context":"https:\/\/schema.org","@graph":[{"@type":"Organization","@id":"https:\/\/putintours.com\/#organization","name":"Put-in Tours","url":"https:\/\/putintours.com\/","sameAs":[],"logo":{"@type":"ImageObject","@id":"https:\/\/putintours.com\/#logo","inLanguage":"fr-FR","url":"","contentUrl":"","caption":"Put-in Tours"},"image":{"@id":"https:\/\/putintours.com\/#logo"}},{"@type":"WebSite","@id":"https:\/\/putintours.com\/#website","url":"https:\/\/putintours.com\/","name":"Put-in tours","description":"Discover Moscow and St-Petersburg onboard a Soviet van!","publisher":{"@id":"https:\/\/putintours.com\/#organization"},"potentialAction":[{"@type":"SearchAction","target":{"@type":"EntryPoint","urlTemplate":"https:\/\/putintours.com\/?s={search_term_string}"},"query-input":"required name=search_term_string"}],"inLanguage":"fr-FR"},{"@type":"ImageObject","@id":"https:\/\/putintours.com\/fr\/clause-non-responsabilite\/#primaryimage","inLanguage":"fr-FR","url":"https:\/\/putintours.com\/wp-content\/uploads\/2020\/01\/logo-Put-in-tours-squared-512.jpg","contentUrl":"https:\/\/putintours.com\/wp-content\/uploads\/2020\/01\/logo-Put-in-tours-squared-512.jpg","width":512,"height":512,"caption":"Put in Tours Russie"},{"@type":"WebPage","@id":"https:\/\/putintours.com\/fr\/clause-non-responsabilite\/#webpage","url":"https:\/\/putintours.com\/fr\/clause-non-responsabilite\/","name":"Clause de non-responsabilit\u00e9 - Put-in tours","isPartOf":{"@id":"https:\/\/putintours.com\/#website"},"primaryImageOfPage":{"@id":"https:\/\/putintours.com\/fr\/clause-non-responsabilite\/#primaryimage"},"datePublished":"2020-11-18T10:58:16+00:00","dateModified":"2020-11-18T12:43:14+00:00","description":"Lisez la clause de non-responsabilit\u00e9 du site Web Put-in Tours.","breadcrumb":{"@id":"https:\/\/putintours.com\/fr\/clause-non-responsabilite\/#breadcrumb"},"inLanguage":"fr-FR","potentialAction":[{"@type":"ReadAction","target":["https:\/\/putintours.com\/fr\/clause-non-responsabilite\/"]}]},{"@type":"BreadcrumbList","@id":"https:\/\/putintours.com\/fr\/clause-non-responsabilite\/#breadcrumb","itemListElement":[{"@type":"ListItem","position":1,"name":"Home","item":"https:\/\/putintours.com\/fr\/"},{"@type":"ListItem","position":2,"name":"Clause de non-responsabilit\u00e9"}]}]}},"yasr_visitor_votes":{"number_of_votes":0,"sum_votes":0,"stars_attributes":{"read_only":false,"span_bottom":false}},"_links":{"self":[{"href":"https:\/\/putintours.com\/fr\/wp-json\/wp\/v2\/pages\/6755"}],"collection":[{"href":"https:\/\/putintours.com\/fr\/wp-json\/wp\/v2\/pages"}],"about":[{"href":"https:\/\/putintours.com\/fr\/wp-json\/wp\/v2\/types\/page"}],"author":[{"embeddable":true,"href":"https:\/\/putintours.com\/fr\/wp-json\/wp\/v2\/users\/1"}],"replies":[{"embeddable":true,"href":"https:\/\/putintours.com\/fr\/wp-json\/wp\/v2\/comments?post=6755"}],"version-history":[{"count":4,"href":"https:\/\/putintours.com\/fr\/wp-json\/wp\/v2\/pages\/6755\/revisions"}],"predecessor-version":[{"id":6830,"href":"https:\/\/putintours.com\/fr\/wp-json\/wp\/v2\/pages\/6755\/revisions\/6830"}],"wp:featuredmedia":[{"embeddable":true,"href":"https:\/\/putintours.com\/fr\/wp-json\/wp\/v2\/media\/889"}],"wp:attachment":[{"href":"https:\/\/putintours.com\/fr\/wp-json\/wp\/v2\/media?parent=6755"}],"curies":[{"name":"wp","href":"https:\/\/api.w.org\/{rel}","templated":true}]}}